{"id":86,"date":"2021-12-03T10:35:09","date_gmt":"2021-12-03T10:35:09","guid":{"rendered":"http:\/\/rkropisto.fi.upcloud.rkropisto.fi\/?page_id=86"},"modified":"2023-03-09T11:41:06","modified_gmt":"2023-03-09T09:41:06","slug":"tietoa-kursseista","status":"publish","type":"page","link":"https:\/\/www.rkropisto.fi\/en\/kurssit\/tietoa-kursseista\/","title":{"rendered":"Tietoa kursseista"},"content":{"rendered":"<div data-elementor-type=\"wp-page\" data-elementor-id=\"86\" class=\"elementor elementor-86\" data-elementor-post-type=\"page\">\n\t\t\t\t\t\t\t\t\t<section class=\"elementor-section elementor-top-section elementor-element elementor-element-241f799d elementor-section-boxed elementor-section-height-default elementor-section-height-default\" data-id=\"241f799d\" data-element_type=\"section\" data-settings=\"{&quot;jet_parallax_layout_list&quot;:[{&quot;jet_parallax_layout_image&quot;:{&quot;url&quot;:&quot;&quot;,&quot;id&quot;:&quot;&quot;,&quot;size&quot;:&quot;&quot;},&quot;_id&quot;:&quot;a5dfc19&quot;,&quot;jet_parallax_layout_image_tablet&quot;:{&quot;url&quot;:&quot;&quot;,&quot;id&quot;:&quot;&quot;,&quot;size&quot;:&quot;&quot;},&quot;jet_parallax_layout_image_mobile&quot;:{&quot;url&quot;:&quot;&quot;,&quot;id&quot;:&quot;&quot;,&quot;size&quot;:&quot;&quot;},&quot;jet_parallax_layout_speed&quot;:{&quot;unit&quot;:&quot;%&quot;,&quot;size&quot;:50,&quot;sizes&quot;:[]},&quot;jet_parallax_layout_type&quot;:&quot;scroll&quot;,&quot;jet_parallax_layout_direction&quot;:null,&quot;jet_parallax_layout_fx_direction&quot;:null,&quot;jet_parallax_layout_z_index&quot;:&quot;&quot;,&quot;jet_parallax_layout_bg_x&quot;:50,&quot;jet_parallax_layout_bg_x_tablet&quot;:&quot;&quot;,&quot;jet_parallax_layout_bg_x_mobile&quot;:&quot;&quot;,&quot;jet_parallax_layout_bg_y&quot;:50,&quot;jet_parallax_layout_bg_y_tablet&quot;:&quot;&quot;,&quot;jet_parallax_layout_bg_y_mobile&quot;:&quot;&quot;,&quot;jet_parallax_layout_bg_size&quot;:&quot;auto&quot;,&quot;jet_parallax_layout_bg_size_tablet&quot;:&quot;&quot;,&quot;jet_parallax_layout_bg_size_mobile&quot;:&quot;&quot;,&quot;jet_parallax_layout_animation_prop&quot;:&quot;transform&quot;,&quot;jet_parallax_layout_on&quot;:[&quot;desktop&quot;,&quot;tablet&quot;]}]}\">\n\t\t\t\t\t\t<div class=\"elementor-container elementor-column-gap-default\">\n\t\t\t\t\t<div class=\"elementor-column elementor-col-100 elementor-top-column elementor-element elementor-element-81f1266\" data-id=\"81f1266\" data-element_type=\"column\">\n\t\t\t<div class=\"elementor-widget-wrap elementor-element-populated\">\n\t\t\t\t\t\t\t\t<div class=\"elementor-element elementor-element-56a7c799 elementor-widget elementor-widget-text-editor\" data-id=\"56a7c799\" data-element_type=\"widget\" data-widget_type=\"text-editor.default\">\n\t\t\t\t<div class=\"elementor-widget-container\">\n\t\t\t<style>\/*! elementor - v3.16.0 - 09-10-2023 *\/\n.elementor-widget-text-editor.elementor-drop-cap-view-stacked .elementor-drop-cap{background-color:#69727d;color:#fff}.elementor-widget-text-editor.elementor-drop-cap-view-framed .elementor-drop-cap{color:#69727d;border:3px solid;background-color:transparent}.elementor-widget-text-editor:not(.elementor-drop-cap-view-default) .elementor-drop-cap{margin-top:8px}.elementor-widget-text-editor:not(.elementor-drop-cap-view-default) .elementor-drop-cap-letter{width:1em;height:1em}.elementor-widget-text-editor .elementor-drop-cap{float:left;text-align:center;line-height:1;font-size:50px}.elementor-widget-text-editor .elementor-drop-cap-letter{display:inline-block}<\/style>\t\t\t\t<p><!-- wp:paragraph --><\/p>\n<p>Reisj\u00e4rven kr. opistolla on laaja ja monipuolinen valikoima lyhytkursseja, joista jokainen voi poimia itselleen sopivat. Opistolla on kursseja aikuisille, nuorille, lapsille, senioreille, aviopareille, naisille ja miehille. Kursseja on eri ammateissa ja teht\u00e4viss\u00e4 toimiville sek\u00e4 eri alojen harrastajille.<\/p>\n<p>Katso kaikki opiston kurssit osoitteesta <a href=\"https:\/\/lyhytkurssille.fi\/kurssi\/reisjarvi\/\" target=\"_blank\" rel=\"noopener\">https:\/\/lyhytkurssille.fi\/kurssi\/reisjarvi\/<\/a> ja ilmoittaudu kurssille!<\/p>\n<p><!-- \/wp:paragraph --><!-- wp:paragraph --><\/p>\n<p>Kurssitarjonta vaihtelee vuosittain toiveiden mukaan, osa perinteisist\u00e4 kursseista ovat vuodesta toiseen suosittuja, esim. yritt\u00e4jien ja maaseutuyritt\u00e4jien kurssit. Hein\u00e4kuussa opistolla on taideviikko, jolloin kurssikalenterissa on muun muassa posliininmaalauskurssi, hopeaty\u00f6kurssi, kuvataidekurssi sek\u00e4 yksinalulukurssi ja mahdollisesti viel\u00e4 muita taidekursseja. Itsen\u00e4ist\u00e4 el\u00e4m\u00e4\u00e4 opetteleville kehitysvammaisille pidet\u00e4\u00e4n kursseja pitkin vuotta ja kes\u00e4ll\u00e4 heille on my\u00f6s oma taidekurssi.<\/p>\n<p><!-- \/wp:paragraph --><!-- wp:paragraph --><\/p>\n<p>Kes\u00e4kurssien ohjelmassa on jo vuosien ajan ollut musiikin teorian opetus. J\u00e4rjest\u00e4mme kurssit yhteisty\u00f6ss\u00e4 Ylivieskan seudun musiikkiopiston kanssa ja kursseilla voi suorittaa musiikin perusteiden tai Musiikin tuntemuksen.<\/p>\n<p><!-- \/wp:paragraph --><!-- wp:heading --><\/p>\n<h2>Tukea el\u00e4m\u00e4ntilanteisiin<\/h2>\n<p><!-- \/wp:heading --><!-- wp:paragraph --><\/p>\n<p>Opistomme haluaa kantaa yhteiskuntavastuuta ja olla erilaisissa tilanteissa el\u00e4vien ihmisten tukena. Opistolla j\u00e4rjestet\u00e4\u00e4n paljon kursseja, joilla k\u00e4sitell\u00e4\u00e4n kohderyhmien omia erityiskysymyksi\u00e4 ja arjessa jaksamista. Muun muassa avioliiton vuosihuoltokurssilla k\u00e4sitell\u00e4\u00e4n asiantuntijan johdolla parisuhteen ja lastenkasvatuksen aihealueita. Erityislasten vanhemmille on my\u00f6s omat kurssinsa.<\/p>\n<p><!-- \/wp:paragraph --><!-- wp:paragraph --><\/p>\n<p>Opiston ohjelmassa on pitkin vuotta liikuntaan ja hyvinvointiin liittyvi\u00e4 kursseja, muun muassa vaellus- ja lentopallokursseja. Naisille on kursseja, joilla keskityt\u00e4\u00e4n liikunnan, taiteen ja luovuuden aihepiireihin.<\/p>\n<p><!-- \/wp:paragraph --><!-- wp:paragraph --><\/p>\n<p>Yksi kurssialueistamme ovat j\u00e4rjest\u00f6toimintaan ja taustayhteis\u00f6mme tarpeisiin liittyv\u00e4t kurssit, esimerkiksi pyh\u00e4koulun ja p\u00e4iv\u00e4kerhon opettajien kurssit.<\/p>\n<p><!-- \/wp:paragraph --><!-- wp:heading --><\/p>\n<h2>Kristillinen, yhteis\u00f6llinen ja tavoitteellinen oppimisn\u00e4k\u00f6kulma<\/h2>\n<p><!-- \/wp:heading --><!-- wp:paragraph --><\/p>\n<p>Kristilliset arvot ovat esill\u00e4 kaikilla kursseillamme. Kurssiohjelmaan on varattu aikaa aamu- ja iltahartauksille, jumalanpalveluksille ja usein my\u00f6s uskoon ja arjen tilanteisiin liittyville keskusteluille. Kurssilaisten keskin\u00e4iset vertaisryhm\u00e4keskustelut koetaan yleens\u00e4 eritt\u00e4in antoisina. Yhteis\u00f6llisyys on yksi oppilaitoksemme kantavista arvoista. Monesti kurssilaiset kertovat, ett\u00e4 kurssien aikana opistolla on eritt\u00e4in mukava ja l\u00e4mmin ilmapiiri, jonka vuoksi he palaavat vuosi toisensa j\u00e4lkeen kursseillemme.<\/p>\n<p><!-- \/wp:paragraph --><!-- wp:paragraph --><\/p>\n<p>Kurssiemme opettajat ovat oman alansa asiantuntijoita. Heid\u00e4n innostuneisuutensa ja t\u00e4m\u00e4n p\u00e4iv\u00e4n tarpeisiin ankkuroitunut opetuksensa varmistavat kurssien oppimistavoitteiden toteutumisen. Opisto on iloisen oppimisen paikka. Etsi kurssitarjonnastamme itsellesi sopiva kurssi ja toivotamme sinut l\u00e4mpim\u00e4sti tervetulleeksi opistollemme lyhytkurssille.\u00a0<\/p>\n<p>Katso kaikki opiston kurssit osoitteesta <a href=\"https:\/\/lyhytkurssille.fi\/kurssi\/reisjarvi\/\" target=\"_blank\" rel=\"noopener\">https:\/\/lyhytkurssille.fi\/kurssi\/reisjarvi\/<\/a> ja ilmoittaudu kurssille!<\/p>\n<p><!-- \/wp:paragraph --><\/p>\t\t\t\t\t\t<\/div>\n\t\t\t\t<\/div>\n\t\t\t\t\t<\/div>\n\t\t<\/div>\n\t\t\t\t\t\t\t<\/div>\n\t\t<\/section>\n\t\t\t\t\t\t\t<\/div>","protected":false},"excerpt":{"rendered":"<p>Reisj\u00e4rven kr. opistolla on laaja ja monipuolinen valikoima lyhytkursseja, joista jokainen voi poimia itselleen sopivat. Opistolla on kursseja aikuisille, nuorille, lapsille, senioreille, aviopareille, naisille ja miehille. Kursseja on eri ammateissa ja teht\u00e4viss\u00e4 toimiville sek\u00e4 eri alojen harrastajille.<\/p>","protected":false},"author":1,"featured_media":0,"parent":80,"menu_order":0,"comment_status":"closed","ping_status":"closed","template":"","meta":{"footnotes":""},"class_list":["post-86","page","type-page","status-publish","hentry"],"_links":{"self":[{"href":"https:\/\/www.rkropisto.fi\/en\/wp-json\/wp\/v2\/pages\/86","targetHints":{"allow":["GET"]}}],"collection":[{"href":"https:\/\/www.rkropisto.fi\/en\/wp-json\/wp\/v2\/pages"}],"about":[{"href":"https:\/\/www.rkropisto.fi\/en\/wp-json\/wp\/v2\/types\/page"}],"author":[{"embeddable":true,"href":"https:\/\/www.rkropisto.fi\/en\/wp-json\/wp\/v2\/users\/1"}],"replies":[{"embeddable":true,"href":"https:\/\/www.rkropisto.fi\/en\/wp-json\/wp\/v2\/comments?post=86"}],"version-history":[{"count":18,"href":"https:\/\/www.rkropisto.fi\/en\/wp-json\/wp\/v2\/pages\/86\/revisions"}],"predecessor-version":[{"id":11508,"href":"https:\/\/www.rkropisto.fi\/en\/wp-json\/wp\/v2\/pages\/86\/revisions\/11508"}],"up":[{"embeddable":true,"href":"https:\/\/www.rkropisto.fi\/en\/wp-json\/wp\/v2\/pages\/80"}],"wp:attachment":[{"href":"https:\/\/www.rkropisto.fi\/en\/wp-json\/wp\/v2\/media?parent=86"}],"curies":[{"name":"wp","href":"https:\/\/api.w.org\/{rel}","templated":true}]}}