{"id":800,"date":"2021-12-17T15:41:26","date_gmt":"2021-12-17T13:41:26","guid":{"rendered":"http:\/\/rkropisto.fi.upcloud.rkropisto.fi\/?page_id=800"},"modified":"2024-08-01T13:09:23","modified_gmt":"2024-08-01T10:09:23","slug":"liity-jaseneksi","status":"publish","type":"page","link":"https:\/\/www.rkropisto.fi\/en\/liity-jaseneksi\/","title":{"rendered":"Liity j\u00e4seneksi"},"content":{"rendered":"<div data-elementor-type=\"wp-page\" data-elementor-id=\"800\" class=\"elementor elementor-800\" data-elementor-post-type=\"page\">\n\t\t\t\t\t\t\t\t\t<section class=\"elementor-section elementor-top-section elementor-element elementor-element-c2eec76 elementor-section-boxed elementor-section-height-default elementor-section-height-default\" data-id=\"c2eec76\" data-element_type=\"section\" data-settings=\"{&quot;jet_parallax_layout_list&quot;:[{&quot;jet_parallax_layout_image&quot;:{&quot;url&quot;:&quot;&quot;,&quot;id&quot;:&quot;&quot;,&quot;size&quot;:&quot;&quot;},&quot;_id&quot;:&quot;f618d74&quot;,&quot;jet_parallax_layout_image_tablet&quot;:{&quot;url&quot;:&quot;&quot;,&quot;id&quot;:&quot;&quot;,&quot;size&quot;:&quot;&quot;},&quot;jet_parallax_layout_image_mobile&quot;:{&quot;url&quot;:&quot;&quot;,&quot;id&quot;:&quot;&quot;,&quot;size&quot;:&quot;&quot;},&quot;jet_parallax_layout_speed&quot;:{&quot;unit&quot;:&quot;%&quot;,&quot;size&quot;:50,&quot;sizes&quot;:[]},&quot;jet_parallax_layout_type&quot;:&quot;scroll&quot;,&quot;jet_parallax_layout_direction&quot;:null,&quot;jet_parallax_layout_fx_direction&quot;:null,&quot;jet_parallax_layout_z_index&quot;:&quot;&quot;,&quot;jet_parallax_layout_bg_x&quot;:50,&quot;jet_parallax_layout_bg_x_tablet&quot;:&quot;&quot;,&quot;jet_parallax_layout_bg_x_mobile&quot;:&quot;&quot;,&quot;jet_parallax_layout_bg_y&quot;:50,&quot;jet_parallax_layout_bg_y_tablet&quot;:&quot;&quot;,&quot;jet_parallax_layout_bg_y_mobile&quot;:&quot;&quot;,&quot;jet_parallax_layout_bg_size&quot;:&quot;auto&quot;,&quot;jet_parallax_layout_bg_size_tablet&quot;:&quot;&quot;,&quot;jet_parallax_layout_bg_size_mobile&quot;:&quot;&quot;,&quot;jet_parallax_layout_animation_prop&quot;:&quot;transform&quot;,&quot;jet_parallax_layout_on&quot;:[&quot;desktop&quot;,&quot;tablet&quot;]}]}\">\n\t\t\t\t\t\t<div class=\"elementor-container elementor-column-gap-default\">\n\t\t\t\t\t<div class=\"elementor-column elementor-col-100 elementor-top-column elementor-element elementor-element-cc527e2\" data-id=\"cc527e2\" data-element_type=\"column\">\n\t\t\t<div class=\"elementor-widget-wrap elementor-element-populated\">\n\t\t\t\t\t\t\t\t<div class=\"elementor-element elementor-element-9f423ce elementor-widget elementor-widget-text-editor\" data-id=\"9f423ce\" data-element_type=\"widget\" data-widget_type=\"text-editor.default\">\n\t\t\t\t<div class=\"elementor-widget-container\">\n\t\t\t<style>\/*! elementor - v3.16.0 - 09-10-2023 *\/\n.elementor-widget-text-editor.elementor-drop-cap-view-stacked .elementor-drop-cap{background-color:#69727d;color:#fff}.elementor-widget-text-editor.elementor-drop-cap-view-framed .elementor-drop-cap{color:#69727d;border:3px solid;background-color:transparent}.elementor-widget-text-editor:not(.elementor-drop-cap-view-default) .elementor-drop-cap{margin-top:8px}.elementor-widget-text-editor:not(.elementor-drop-cap-view-default) .elementor-drop-cap-letter{width:1em;height:1em}.elementor-widget-text-editor .elementor-drop-cap{float:left;text-align:center;line-height:1;font-size:50px}.elementor-widget-text-editor .elementor-drop-cap-letter{display:inline-block}<\/style>\t\t\t\t<p>Olemalla Reisj\u00e4rven kristillisen opiston kannatusyhdistyksen j\u00e4sen tuet merkitt\u00e4v\u00e4ll\u00e4 tavalla opistoty\u00f6t\u00e4!<\/p><p>Kannatusyhdistyksen j\u00e4senedut:<\/p><ul><li>J\u00e4senen\u00e4 pid\u00e4t itsesi ajan tasalla opiston kuulumisista<\/li><li>L\u00e4sn\u00e4olo ja \u00e4\u00e4nestysoikeus opiston kannatusyhdistyksen vuosikokouksessa<\/li><li>Varmistat opiston pysymisen opistokent\u00e4ll\u00e4 (kannatusyhdistyksen j\u00e4senm\u00e4\u00e4r\u00e4 on yksi opiston elinvoimaisuuden tunnusluku)<\/li><li>Hyv\u00e4 mieli tukemalla opiston toimintaa pienell\u00e4 panoksella!<\/li><\/ul><p>Reisj\u00e4rven kristillisen opiston taustayhteis\u00f6n\u00e4 toimii vanhoillislestadiolainen her\u00e4tysliike. Opiston kannatusyhdistyksen j\u00e4senen tulee olla jonkun rauhanyhdistyksen j\u00e4sen.<\/p><p>Kannatusyhdistyksen j\u00e4senmaksu on 20 \u20ac vuodessa. Liity opiston tukijoiden joukkoon!<\/p>\t\t\t\t\t\t<\/div>\n\t\t\t\t<\/div>\n\t\t\t\t<div class=\"elementor-element elementor-element-1d008e1 elementor-widget elementor-widget-button\" data-id=\"1d008e1\" data-element_type=\"widget\" data-widget_type=\"button.default\">\n\t\t\t\t<div class=\"elementor-widget-container\">\n\t\t\t\t\t<div class=\"elementor-button-wrapper\">\n\t\t\t<a class=\"elementor-button elementor-button-link elementor-size-sm\" href=\"https:\/\/goo.gl\/forms\/SwHhJ03SzBCsWtNz2\">\n\t\t\t\t\t\t<span class=\"elementor-button-content-wrapper\">\n\t\t\t\t\t\t<span class=\"elementor-button-text\">Liity j\u00e4seneksi t\u00e4ytt\u00e4m\u00e4ll\u00e4 s\u00e4hk\u00f6inen hakulomake<\/span>\n\t\t<\/span>\n\t\t\t\t\t<\/a>\n\t\t<\/div>\n\t\t\t\t<\/div>\n\t\t\t\t<\/div>\n\t\t\t\t<div class=\"elementor-element elementor-element-83929d0 elementor-widget elementor-widget-text-editor\" data-id=\"83929d0\" data-element_type=\"widget\" data-widget_type=\"text-editor.default\">\n\t\t\t\t<div class=\"elementor-widget-container\">\n\t\t\t\t\t\t\t<p>Voit my\u00f6s tulostaa <a href=\"https:\/\/www.rkropisto.fi\/wp-content\/uploads\/2024\/08\/Jasenhakemuslomake-paivitetty-2024.pdf\" target=\"_blank\" rel=\"noopener\">paperisen j\u00e4senhakemuslomakkeen<\/a> ja l\u00e4hett\u00e4\u00e4 sen osoitteeseen Reisj\u00e4rven kristillinen opisto, R\u00e4is\u00e4l\u00e4nm\u00e4entie 381, 85940 R\u00e4is\u00e4l\u00e4nm\u00e4ki.<\/p>\t\t\t\t\t\t<\/div>\n\t\t\t\t<\/div>\n\t\t\t\t\t<\/div>\n\t\t<\/div>\n\t\t\t\t\t\t\t<\/div>\n\t\t<\/section>\n\t\t\t\t\t\t\t<\/div>","protected":false},"excerpt":{"rendered":"<p>Olemalla Reisj\u00e4rven kristillisen opiston kannatusyhdistyksen j\u00e4sen tuet merkitt\u00e4v\u00e4ll\u00e4 tavalla opistoty\u00f6t\u00e4! Kannatusyhdistyksen j\u00e4senedut: J\u00e4senen\u00e4 pid\u00e4t itsesi ajan tasalla opiston kuulumisista L\u00e4sn\u00e4olo ja \u00e4\u00e4nestysoikeus opiston kannatusyhdistyksen vuosikokouksessa Varmistat opiston pysymisen opistokent\u00e4ll\u00e4 (kannatusyhdistyksen j\u00e4senm\u00e4\u00e4r\u00e4 on yksi opiston elinvoimaisuuden tunnusluku) Hyv\u00e4 mieli tukemalla opiston toimintaa pienell\u00e4 panoksella! Reisj\u00e4rven kristillisen opiston taustayhteis\u00f6n\u00e4 toimii vanhoillislestadiolainen her\u00e4tysliike. Opiston kannatusyhdistyksen j\u00e4senen tulee olla [&hellip;]<\/p>","protected":false},"author":1,"featured_media":0,"parent":0,"menu_order":0,"comment_status":"closed","ping_status":"closed","template":"","meta":{"footnotes":""},"class_list":["post-800","page","type-page","status-publish","hentry"],"_links":{"self":[{"href":"https:\/\/www.rkropisto.fi\/en\/wp-json\/wp\/v2\/pages\/800","targetHints":{"allow":["GET"]}}],"collection":[{"href":"https:\/\/www.rkropisto.fi\/en\/wp-json\/wp\/v2\/pages"}],"about":[{"href":"https:\/\/www.rkropisto.fi\/en\/wp-json\/wp\/v2\/types\/page"}],"author":[{"embeddable":true,"href":"https:\/\/www.rkropisto.fi\/en\/wp-json\/wp\/v2\/users\/1"}],"replies":[{"embeddable":true,"href":"https:\/\/www.rkropisto.fi\/en\/wp-json\/wp\/v2\/comments?post=800"}],"version-history":[{"count":20,"href":"https:\/\/www.rkropisto.fi\/en\/wp-json\/wp\/v2\/pages\/800\/revisions"}],"predecessor-version":[{"id":12593,"href":"https:\/\/www.rkropisto.fi\/en\/wp-json\/wp\/v2\/pages\/800\/revisions\/12593"}],"wp:attachment":[{"href":"https:\/\/www.rkropisto.fi\/en\/wp-json\/wp\/v2\/media?parent=800"}],"curies":[{"name":"wp","href":"https:\/\/api.w.org\/{rel}","templated":true}]}}