{"id":486,"date":"2021-12-15T08:09:29","date_gmt":"2021-12-15T08:09:29","guid":{"rendered":"http:\/\/rkropisto.fi.upcloud.rkropisto.fi\/?page_id=486"},"modified":"2025-04-10T12:56:48","modified_gmt":"2025-04-10T09:56:48","slug":"opetussuunnitelma","status":"publish","type":"page","link":"https:\/\/www.rkropisto.fi\/en\/vuosi-opistossa\/opetussuunnitelma\/","title":{"rendered":"Opetussuunnitelma"},"content":{"rendered":"<div data-elementor-type=\"wp-page\" data-elementor-id=\"486\" class=\"elementor elementor-486\" data-elementor-post-type=\"page\">\n\t\t\t\t\t\t\t\t\t<section class=\"elementor-section elementor-top-section elementor-element elementor-element-d58a11a elementor-section-boxed elementor-section-height-default elementor-section-height-default\" data-id=\"d58a11a\" data-element_type=\"section\" data-settings=\"{&quot;jet_parallax_layout_list&quot;:[{&quot;jet_parallax_layout_image&quot;:{&quot;url&quot;:&quot;&quot;,&quot;id&quot;:&quot;&quot;,&quot;size&quot;:&quot;&quot;},&quot;_id&quot;:&quot;79ad77d&quot;,&quot;jet_parallax_layout_image_tablet&quot;:{&quot;url&quot;:&quot;&quot;,&quot;id&quot;:&quot;&quot;,&quot;size&quot;:&quot;&quot;},&quot;jet_parallax_layout_image_mobile&quot;:{&quot;url&quot;:&quot;&quot;,&quot;id&quot;:&quot;&quot;,&quot;size&quot;:&quot;&quot;},&quot;jet_parallax_layout_speed&quot;:{&quot;unit&quot;:&quot;%&quot;,&quot;size&quot;:50,&quot;sizes&quot;:[]},&quot;jet_parallax_layout_type&quot;:&quot;scroll&quot;,&quot;jet_parallax_layout_direction&quot;:null,&quot;jet_parallax_layout_fx_direction&quot;:null,&quot;jet_parallax_layout_z_index&quot;:&quot;&quot;,&quot;jet_parallax_layout_bg_x&quot;:50,&quot;jet_parallax_layout_bg_x_tablet&quot;:&quot;&quot;,&quot;jet_parallax_layout_bg_x_mobile&quot;:&quot;&quot;,&quot;jet_parallax_layout_bg_y&quot;:50,&quot;jet_parallax_layout_bg_y_tablet&quot;:&quot;&quot;,&quot;jet_parallax_layout_bg_y_mobile&quot;:&quot;&quot;,&quot;jet_parallax_layout_bg_size&quot;:&quot;auto&quot;,&quot;jet_parallax_layout_bg_size_tablet&quot;:&quot;&quot;,&quot;jet_parallax_layout_bg_size_mobile&quot;:&quot;&quot;,&quot;jet_parallax_layout_animation_prop&quot;:&quot;transform&quot;,&quot;jet_parallax_layout_on&quot;:[&quot;desktop&quot;,&quot;tablet&quot;]}]}\">\n\t\t\t\t\t\t<div class=\"elementor-container elementor-column-gap-default\">\n\t\t\t\t\t<div class=\"elementor-column elementor-col-50 elementor-top-column elementor-element elementor-element-3f5c288\" data-id=\"3f5c288\" data-element_type=\"column\">\n\t\t\t<div class=\"elementor-widget-wrap elementor-element-populated\">\n\t\t\t\t\t\t\t\t<div class=\"elementor-element elementor-element-06edc6c elementor-widget elementor-widget-image\" data-id=\"06edc6c\" data-element_type=\"widget\" data-widget_type=\"image.default\">\n\t\t\t\t<div class=\"elementor-widget-container\">\n\t\t\t<style>\/*! elementor - v3.16.0 - 09-10-2023 *\/\n.elementor-widget-image{text-align:center}.elementor-widget-image a{display:inline-block}.elementor-widget-image a img[src$=\".svg\"]{width:48px}.elementor-widget-image img{vertical-align:middle;display:inline-block}<\/style>\t\t\t\t\t\t\t\t\t\t\t\t<img loading=\"lazy\" decoding=\"async\" width=\"800\" height=\"600\" src=\"https:\/\/www.rkropisto.fi\/wp-content\/uploads\/2022\/01\/IMG_20191001_101053-1110x833.jpg\" class=\"attachment-large size-large wp-image-1352\" alt=\"Lolleja_opiskelemassa\" srcset=\"https:\/\/www.rkropisto.fi\/wp-content\/uploads\/2022\/01\/IMG_20191001_101053-1110x833.jpg 1110w, https:\/\/www.rkropisto.fi\/wp-content\/uploads\/2022\/01\/IMG_20191001_101053-300x225.jpg 300w, https:\/\/www.rkropisto.fi\/wp-content\/uploads\/2022\/01\/IMG_20191001_101053-768x576.jpg 768w, https:\/\/www.rkropisto.fi\/wp-content\/uploads\/2022\/01\/IMG_20191001_101053-1536x1152.jpg 1536w, https:\/\/www.rkropisto.fi\/wp-content\/uploads\/2022\/01\/IMG_20191001_101053-16x12.jpg 16w, https:\/\/www.rkropisto.fi\/wp-content\/uploads\/2022\/01\/IMG_20191001_101053.jpg 2000w\" sizes=\"auto, (max-width: 800px) 100vw, 800px\" \/>\t\t\t\t\t\t\t\t\t\t\t\t\t\t\t<\/div>\n\t\t\t\t<\/div>\n\t\t\t\t\t<\/div>\n\t\t<\/div>\n\t\t\t\t<div class=\"elementor-column elementor-col-50 elementor-top-column elementor-element elementor-element-43b2859\" data-id=\"43b2859\" data-element_type=\"column\">\n\t\t\t<div class=\"elementor-widget-wrap elementor-element-populated\">\n\t\t\t\t\t\t\t\t<div class=\"elementor-element elementor-element-f0ba203 elementor-widget elementor-widget-text-editor\" data-id=\"f0ba203\" data-element_type=\"widget\" data-widget_type=\"text-editor.default\">\n\t\t\t\t<div class=\"elementor-widget-container\">\n\t\t\t<style>\/*! elementor - v3.16.0 - 09-10-2023 *\/\n.elementor-widget-text-editor.elementor-drop-cap-view-stacked .elementor-drop-cap{background-color:#69727d;color:#fff}.elementor-widget-text-editor.elementor-drop-cap-view-framed .elementor-drop-cap{color:#69727d;border:3px solid;background-color:transparent}.elementor-widget-text-editor:not(.elementor-drop-cap-view-default) .elementor-drop-cap{margin-top:8px}.elementor-widget-text-editor:not(.elementor-drop-cap-view-default) .elementor-drop-cap-letter{width:1em;height:1em}.elementor-widget-text-editor .elementor-drop-cap{float:left;text-align:center;line-height:1;font-size:50px}.elementor-widget-text-editor .elementor-drop-cap-letter{display:inline-block}<\/style>\t\t\t\t<p>Oppivelvollisuusik\u00e4isten koulutus toteutetaan Opetushallituksen laatimien opetussuunnitelman perusteiden mukaisesti. Opintolinjakohtaiset opetussuunnitelmat l\u00f6ytyv\u00e4t <a href=\"https:\/\/eperusteet.opintopolku.fi\/#\/fi\/kooste\/vapaasivistystyo\" target=\"_blank\" rel=\"noopener\">ePerusteista.\u00a0<\/a><\/p><p>Aikuislinjan opetussuunnitelman l\u00f6yd\u00e4t <a href=\"https:\/\/www.rkropisto.fi\/wp-content\/uploads\/2022\/01\/Liite-6_5_2021-Aikuislinjan-opetussuunnitelma-2021\u20132022.pdf\" target=\"_blank\" rel=\"noopener\">t\u00e4\u00e4lt\u00e4<\/a>.\u00a0<\/p>\t\t\t\t\t\t<\/div>\n\t\t\t\t<\/div>\n\t\t\t\t\t<\/div>\n\t\t<\/div>\n\t\t\t\t\t\t\t<\/div>\n\t\t<\/section>\n\t\t\t\t\t\t\t<\/div>","protected":false},"excerpt":{"rendered":"<p>Oppivelvollisuusik\u00e4isten koulutus toteutetaan Opetushallituksen laatimien opetussuunnitelman perusteiden mukaisesti. Opintolinjakohtaiset opetussuunnitelmat l\u00f6ytyv\u00e4t ePerusteista.\u00a0 Aikuislinjan opetussuunnitelman l\u00f6yd\u00e4t t\u00e4\u00e4lt\u00e4.\u00a0<\/p>","protected":false},"author":1,"featured_media":1352,"parent":78,"menu_order":0,"comment_status":"closed","ping_status":"closed","template":"","meta":{"footnotes":""},"class_list":["post-486","page","type-page","status-publish","has-post-thumbnail","hentry"],"_links":{"self":[{"href":"https:\/\/www.rkropisto.fi\/en\/wp-json\/wp\/v2\/pages\/486","targetHints":{"allow":["GET"]}}],"collection":[{"href":"https:\/\/www.rkropisto.fi\/en\/wp-json\/wp\/v2\/pages"}],"about":[{"href":"https:\/\/www.rkropisto.fi\/en\/wp-json\/wp\/v2\/types\/page"}],"author":[{"embeddable":true,"href":"https:\/\/www.rkropisto.fi\/en\/wp-json\/wp\/v2\/users\/1"}],"replies":[{"embeddable":true,"href":"https:\/\/www.rkropisto.fi\/en\/wp-json\/wp\/v2\/comments?post=486"}],"version-history":[{"count":32,"href":"https:\/\/www.rkropisto.fi\/en\/wp-json\/wp\/v2\/pages\/486\/revisions"}],"predecessor-version":[{"id":13006,"href":"https:\/\/www.rkropisto.fi\/en\/wp-json\/wp\/v2\/pages\/486\/revisions\/13006"}],"up":[{"embeddable":true,"href":"https:\/\/www.rkropisto.fi\/en\/wp-json\/wp\/v2\/pages\/78"}],"wp:featuredmedia":[{"embeddable":true,"href":"https:\/\/www.rkropisto.fi\/en\/wp-json\/wp\/v2\/media\/1352"}],"wp:attachment":[{"href":"https:\/\/www.rkropisto.fi\/en\/wp-json\/wp\/v2\/media?parent=486"}],"curies":[{"name":"wp","href":"https:\/\/api.w.org\/{rel}","templated":true}]}}