{"id":470,"date":"2021-12-15T08:07:12","date_gmt":"2021-12-15T08:07:12","guid":{"rendered":"http:\/\/rkropisto.fi.upcloud.rkropisto.fi\/?page_id=470"},"modified":"2022-01-04T15:34:21","modified_gmt":"2022-01-04T13:34:21","slug":"opiston-esittely","status":"publish","type":"page","link":"https:\/\/www.rkropisto.fi\/en\/opisto\/opiston-esittely\/","title":{"rendered":"Opiston esittely"},"content":{"rendered":"<div data-elementor-type=\"wp-page\" data-elementor-id=\"470\" class=\"elementor elementor-470\" data-elementor-post-type=\"page\">\n\t\t\t\t\t\t\t\t\t<section class=\"elementor-section elementor-top-section elementor-element elementor-element-9b16657 elementor-section-boxed elementor-section-height-default elementor-section-height-default\" data-id=\"9b16657\" data-element_type=\"section\" data-settings=\"{&quot;jet_parallax_layout_list&quot;:[{&quot;jet_parallax_layout_image&quot;:{&quot;url&quot;:&quot;&quot;,&quot;id&quot;:&quot;&quot;,&quot;size&quot;:&quot;&quot;},&quot;_id&quot;:&quot;bbb0ddc&quot;,&quot;jet_parallax_layout_image_tablet&quot;:{&quot;url&quot;:&quot;&quot;,&quot;id&quot;:&quot;&quot;,&quot;size&quot;:&quot;&quot;},&quot;jet_parallax_layout_image_mobile&quot;:{&quot;url&quot;:&quot;&quot;,&quot;id&quot;:&quot;&quot;,&quot;size&quot;:&quot;&quot;},&quot;jet_parallax_layout_speed&quot;:{&quot;unit&quot;:&quot;%&quot;,&quot;size&quot;:50,&quot;sizes&quot;:[]},&quot;jet_parallax_layout_type&quot;:&quot;scroll&quot;,&quot;jet_parallax_layout_direction&quot;:null,&quot;jet_parallax_layout_fx_direction&quot;:null,&quot;jet_parallax_layout_z_index&quot;:&quot;&quot;,&quot;jet_parallax_layout_bg_x&quot;:50,&quot;jet_parallax_layout_bg_x_tablet&quot;:&quot;&quot;,&quot;jet_parallax_layout_bg_x_mobile&quot;:&quot;&quot;,&quot;jet_parallax_layout_bg_y&quot;:50,&quot;jet_parallax_layout_bg_y_tablet&quot;:&quot;&quot;,&quot;jet_parallax_layout_bg_y_mobile&quot;:&quot;&quot;,&quot;jet_parallax_layout_bg_size&quot;:&quot;auto&quot;,&quot;jet_parallax_layout_bg_size_tablet&quot;:&quot;&quot;,&quot;jet_parallax_layout_bg_size_mobile&quot;:&quot;&quot;,&quot;jet_parallax_layout_animation_prop&quot;:&quot;transform&quot;,&quot;jet_parallax_layout_on&quot;:[&quot;desktop&quot;,&quot;tablet&quot;]}]}\">\n\t\t\t\t\t\t<div class=\"elementor-container elementor-column-gap-default\">\n\t\t\t\t\t<div class=\"elementor-column elementor-col-100 elementor-top-column elementor-element elementor-element-a62f63a\" data-id=\"a62f63a\" data-element_type=\"column\">\n\t\t\t<div class=\"elementor-widget-wrap elementor-element-populated\">\n\t\t\t\t\t\t\t\t<div class=\"elementor-element elementor-element-7cc8683 elementor-widget elementor-widget-image\" data-id=\"7cc8683\" data-element_type=\"widget\" data-widget_type=\"image.default\">\n\t\t\t\t<div class=\"elementor-widget-container\">\n\t\t\t<style>\/*! elementor - v3.16.0 - 09-10-2023 *\/\n.elementor-widget-image{text-align:center}.elementor-widget-image a{display:inline-block}.elementor-widget-image a img[src$=\".svg\"]{width:48px}.elementor-widget-image img{vertical-align:middle;display:inline-block}<\/style>\t\t\t\t\t\t\t\t\t\t\t\t<img loading=\"lazy\" decoding=\"async\" width=\"2000\" height=\"1123\" src=\"https:\/\/www.rkropisto.fi\/wp-content\/uploads\/2022\/01\/DJI_0014-2.jpeg\" class=\"attachment-full size-full wp-image-1439\" alt=\"\" srcset=\"https:\/\/www.rkropisto.fi\/wp-content\/uploads\/2022\/01\/DJI_0014-2.jpeg 2000w, https:\/\/www.rkropisto.fi\/wp-content\/uploads\/2022\/01\/DJI_0014-2-300x168.jpeg 300w, https:\/\/www.rkropisto.fi\/wp-content\/uploads\/2022\/01\/DJI_0014-2-1110x623.jpeg 1110w, https:\/\/www.rkropisto.fi\/wp-content\/uploads\/2022\/01\/DJI_0014-2-768x431.jpeg 768w, https:\/\/www.rkropisto.fi\/wp-content\/uploads\/2022\/01\/DJI_0014-2-1536x862.jpeg 1536w, https:\/\/www.rkropisto.fi\/wp-content\/uploads\/2022\/01\/DJI_0014-2-18x10.jpeg 18w\" sizes=\"auto, (max-width: 2000px) 100vw, 2000px\" \/>\t\t\t\t\t\t\t\t\t\t\t\t\t\t\t<\/div>\n\t\t\t\t<\/div>\n\t\t\t\t\t<\/div>\n\t\t<\/div>\n\t\t\t\t\t\t\t<\/div>\n\t\t<\/section>\n\t\t\t\t<section class=\"elementor-section elementor-top-section elementor-element elementor-element-4091f8c elementor-section-boxed elementor-section-height-default elementor-section-height-default\" data-id=\"4091f8c\" data-element_type=\"section\" data-settings=\"{&quot;jet_parallax_layout_list&quot;:[{&quot;jet_parallax_layout_image&quot;:{&quot;url&quot;:&quot;&quot;,&quot;id&quot;:&quot;&quot;,&quot;size&quot;:&quot;&quot;},&quot;_id&quot;:&quot;5bdfe71&quot;,&quot;jet_parallax_layout_image_tablet&quot;:{&quot;url&quot;:&quot;&quot;,&quot;id&quot;:&quot;&quot;,&quot;size&quot;:&quot;&quot;},&quot;jet_parallax_layout_image_mobile&quot;:{&quot;url&quot;:&quot;&quot;,&quot;id&quot;:&quot;&quot;,&quot;size&quot;:&quot;&quot;},&quot;jet_parallax_layout_speed&quot;:{&quot;unit&quot;:&quot;%&quot;,&quot;size&quot;:50,&quot;sizes&quot;:[]},&quot;jet_parallax_layout_type&quot;:&quot;scroll&quot;,&quot;jet_parallax_layout_direction&quot;:null,&quot;jet_parallax_layout_fx_direction&quot;:null,&quot;jet_parallax_layout_z_index&quot;:&quot;&quot;,&quot;jet_parallax_layout_bg_x&quot;:50,&quot;jet_parallax_layout_bg_x_tablet&quot;:&quot;&quot;,&quot;jet_parallax_layout_bg_x_mobile&quot;:&quot;&quot;,&quot;jet_parallax_layout_bg_y&quot;:50,&quot;jet_parallax_layout_bg_y_tablet&quot;:&quot;&quot;,&quot;jet_parallax_layout_bg_y_mobile&quot;:&quot;&quot;,&quot;jet_parallax_layout_bg_size&quot;:&quot;auto&quot;,&quot;jet_parallax_layout_bg_size_tablet&quot;:&quot;&quot;,&quot;jet_parallax_layout_bg_size_mobile&quot;:&quot;&quot;,&quot;jet_parallax_layout_animation_prop&quot;:&quot;transform&quot;,&quot;jet_parallax_layout_on&quot;:[&quot;desktop&quot;,&quot;tablet&quot;]}]}\">\n\t\t\t\t\t\t<div class=\"elementor-container elementor-column-gap-default\">\n\t\t\t\t\t<div class=\"elementor-column elementor-col-100 elementor-top-column elementor-element elementor-element-2f041f9\" data-id=\"2f041f9\" data-element_type=\"column\">\n\t\t\t<div class=\"elementor-widget-wrap elementor-element-populated\">\n\t\t\t\t\t\t\t\t<div class=\"elementor-element elementor-element-d326b10 elementor-widget elementor-widget-heading\" data-id=\"d326b10\" data-element_type=\"widget\" data-widget_type=\"heading.default\">\n\t\t\t\t<div class=\"elementor-widget-container\">\n\t\t\t<style>\/*! elementor - v3.16.0 - 09-10-2023 *\/\n.elementor-heading-title{padding:0;margin:0;line-height:1}.elementor-widget-heading .elementor-heading-title[class*=elementor-size-]>a{color:inherit;font-size:inherit;line-height:inherit}.elementor-widget-heading .elementor-heading-title.elementor-size-small{font-size:15px}.elementor-widget-heading .elementor-heading-title.elementor-size-medium{font-size:19px}.elementor-widget-heading .elementor-heading-title.elementor-size-large{font-size:29px}.elementor-widget-heading .elementor-heading-title.elementor-size-xl{font-size:39px}.elementor-widget-heading .elementor-heading-title.elementor-size-xxl{font-size:59px}<\/style><h2 class=\"elementor-heading-title elementor-size-default\">Kansanopistoliikkeen synty<\/h2>\t\t<\/div>\n\t\t\t\t<\/div>\n\t\t\t\t<div class=\"elementor-element elementor-element-2da8327 elementor-widget elementor-widget-text-editor\" data-id=\"2da8327\" data-element_type=\"widget\" data-widget_type=\"text-editor.default\">\n\t\t\t\t<div class=\"elementor-widget-container\">\n\t\t\t<style>\/*! elementor - v3.16.0 - 09-10-2023 *\/\n.elementor-widget-text-editor.elementor-drop-cap-view-stacked .elementor-drop-cap{background-color:#69727d;color:#fff}.elementor-widget-text-editor.elementor-drop-cap-view-framed .elementor-drop-cap{color:#69727d;border:3px solid;background-color:transparent}.elementor-widget-text-editor:not(.elementor-drop-cap-view-default) .elementor-drop-cap{margin-top:8px}.elementor-widget-text-editor:not(.elementor-drop-cap-view-default) .elementor-drop-cap-letter{width:1em;height:1em}.elementor-widget-text-editor .elementor-drop-cap{float:left;text-align:center;line-height:1;font-size:50px}.elementor-widget-text-editor .elementor-drop-cap-letter{display:inline-block}<\/style>\t\t\t\t<p>Kansanopistoliike syntyi tanskalaisen papin Nikolaus Grundtvigin (1783-1872) perustamasta nuorisokoulusta vuonna 1844.1 Grundtvig ei tyytynyt teoriapainotteiseen kaupunkikouluun. H\u00e4nen perustamansa koulun periaatteena oli opettaa k\u00e4yt\u00e4nn\u00f6nl\u00e4heist\u00e4 el\u00e4m\u00e4\u00e4 varten. H\u00e4n halusi my\u00f6s \u2013 tuon ajan kansallisen her\u00e4\u00e4misen hengess\u00e4 \u2013 \u201del\u00e4v\u00e4n sanan mahdilla ja persoonallisuuden voimalla\u201d kehitt\u00e4\u00e4 nuorisossa is\u00e4nmaallista mielt\u00e4: \u201dOn l\u00f6ydett\u00e4v\u00e4 yhteys omaan kieleen ja kansaan\u201d. My\u00f6s Suomen ensimm\u00e4iset kansanopistot nousivat n\u00e4ist\u00e4 ajatuksista. N\u00e4kyv\u00e4 vaikutin oli kansallistunne. K\u00e4yt\u00e4nn\u00f6llisill\u00e4 oppiaineilla oli vahva asema, joskin opetuksen j\u00e4rjestelyss\u00e4 oli alun alkaen melko suuri vapaus. Maamme vanhin kansanopisto on vuonna 1889 perustettu ruotsinkielinen Borg\u00e5 Folkh\u00f6gskola. Ensimm\u00e4isi\u00e4 suomenkielisi\u00e4 opistoja ovat mm. pari vuotta my\u00f6hemmin aloittaneet Limingan ja Otavan kansanopistot. N\u00e4iden maallisten grundtvigilaisten kansanopistojen rinnalle alkoi itsen\u00e4isyyden kynnyksell\u00e4 synty\u00e4 valtion tuella kristillisi\u00e4 kansanopistoja. Niiss\u00e4kin oli mukana kansallinen ajattelu pohjoismaisen kansanopistoperinteen ja silloisen yhteiskunnallisen ja valtiollisen tilanteen vaikutuksesta. P\u00e4\u00e4asiallinen tarkoitus oli nuorison varjeleminen oman liikkeen piiriss\u00e4 ja kristillisen jatkuvuuden s\u00e4ilytt\u00e4minen. Tyypillist\u00e4 oli hakea opiston paikka suhteellisen syrj\u00e4st\u00e4, ettei \u201dmit\u00e4\u00e4n vaaraa oppilasten tarkoituksenmukaiselle kehitykselle kaupunkiel\u00e4m\u00e4st\u00e4 olisi pelj\u00e4tt\u00e4viss\u00e4\u201d. Ensimm\u00e4inen kristillinen kansanopisto on perustettu Lapualle her\u00e4nneiden toimesta vuonna 1914.<\/p>\t\t\t\t\t\t<\/div>\n\t\t\t\t<\/div>\n\t\t\t\t<div class=\"elementor-element elementor-element-a73ce90 elementor-widget elementor-widget-heading\" data-id=\"a73ce90\" data-element_type=\"widget\" data-widget_type=\"heading.default\">\n\t\t\t\t<div class=\"elementor-widget-container\">\n\t\t\t<h2 class=\"elementor-heading-title elementor-size-default\">Antti ja Elsa R\u00e4is\u00e4l\u00e4<\/h2>\t\t<\/div>\n\t\t\t\t<\/div>\n\t\t\t\t<div class=\"elementor-element elementor-element-4684252 elementor-widget elementor-widget-text-editor\" data-id=\"4684252\" data-element_type=\"widget\" data-widget_type=\"text-editor.default\">\n\t\t\t\t<div class=\"elementor-widget-container\">\n\t\t\t\t\t\t\t<p>Elettiin v\u00e4lirauhan aikaa vuonna 1941, mik\u00e4 loi uutta uskoa huomiseen. Antti R\u00e4is\u00e4l\u00e4 k\u00e4vi keventynein mielin verkoillaan viereisell\u00e4 Saarisen j\u00e4rvell\u00e4. Siell\u00e4 luonnon hiljaisuudessa h\u00e4n tunsi lep\u00e4\u00e4v\u00e4ns\u00e4, sill\u00e4 oma vanheneminen painoi lapsettoman miehen mielt\u00e4. Terveyskin oli alkanut horjua. Huoli laajojen tilusten kohtalosta askarrutti. Jumalan avulla h\u00e4n uskoi kaiken kuitenkin j\u00e4rjestyv\u00e4n, olihan Jumala varjellut is\u00e4nmaatakin ja kotiseutua joutumasta vihollisen jalkoihin. Ison tilan viljavat pellot olivat lopulta Jumalan omia, h\u00e4nelt\u00e4 saatua lainatavaraa. T\u00e4m\u00e4 ajatus valtasi voimakkaana h\u00e4nen mielens\u00e4. Jumala oli siunannut h\u00e4nt\u00e4 ja Elsa-vaimoa runsaasti ja tehnyt heid\u00e4t antamiensa \u201dlainavarojensa\u201d hoitajaksi. Ennen muuta Jumala oli armollaan siunannut hengellisesti, antamalla pariskunnalle parannuksen armon. My\u00f6h\u00e4iskes\u00e4n laskeva aurinko valaisi n\u00e4iden mietteiden valtaaman uskovaisen miehen tulevaisuutta ja antoi toivoa. Oli syyt\u00e4 uskoa Jumalan ty\u00f6n etenemiseen; t\u00e4st\u00e4 Antin ja Elsan kasvattitytt\u00f6 ja muutkin l\u00e4hiseudun nuoret olivat tuoneet Ylitornion kristilliselt\u00e4 kansanopistolta hyvi\u00e4 viestej\u00e4. Antin mielen t\u00e4ytti voimakas aavistus, joka johti toimenpiteisiin. Iso-R\u00e4is\u00e4l\u00e4n pirtiss\u00e4 is\u00e4nt\u00e4 tarttui kyn\u00e4\u00e4n ja vakaa k\u00e4si alkoi piirt\u00e4\u00e4 mieless\u00e4 kytev\u00e4\u00e4 ajatusta paperille, testamentiksi. Kalajokilaakson kristittyjen pitk\u00e4\u00e4n el\u00e4nyt haave omasta kansanopistosta muotoutui n\u00e4in siemeneksi ja heitettiin hyv\u00e4\u00e4n maaper\u00e4\u00e4n, miss\u00e4 se alkoi nopeasti it\u00e4\u00e4 ja kasvaa.<\/p>\t\t\t\t\t\t<\/div>\n\t\t\t\t<\/div>\n\t\t\t\t<div class=\"elementor-element elementor-element-0ba9b60 elementor-widget elementor-widget-heading\" data-id=\"0ba9b60\" data-element_type=\"widget\" data-widget_type=\"heading.default\">\n\t\t\t\t<div class=\"elementor-widget-container\">\n\t\t\t<h2 class=\"elementor-heading-title elementor-size-default\">Reisj\u00e4rven kristillisen opiston synty<\/h2>\t\t<\/div>\n\t\t\t\t<\/div>\n\t\t\t\t<div class=\"elementor-element elementor-element-3222614 elementor-widget elementor-widget-text-editor\" data-id=\"3222614\" data-element_type=\"widget\" data-widget_type=\"text-editor.default\">\n\t\t\t\t<div class=\"elementor-widget-container\">\n\t\t\t\t\t\t\t<p>Reisj\u00e4rven opiston varsinainen historia alkoi, kun lestadiolaiseen piiriin viime vuosisadan alkupuolella murtautunut kansanopistoaate ja Antti ja Elsa R\u00e4is\u00e4l\u00e4n testamenttilahjoitus kohtasivat. Nykyisen kansanopiston kannalta alkoi merkitt\u00e4v\u00e4 vaihe, kun lastenkodin yhteyteen alettiin puuhata 1950-luvun alussa kansanopistoa. Hankkeen ajautuminen vararikkoon johti dramaattisten vaiheiden j\u00e4lkeen orpokodin varojen siirt\u00e4miseen Reisj\u00e4rven Kristilliselle Kansanopistoyhdistykselle vuonna 1955. Aloite nykyisen opiston perustamisesta sai alkunsa Reisj\u00e4rven rauhanyhdistyksen piirist\u00e4.<\/p><p>Opiston syntytapahtumat huipentuvat tiilitalkoisiin ja opistorakennuksen kohoamiseen. Talkooinnostuksessa ja muussa avustamisessa ei n\u00e4kynyt my\u00f6hemmink\u00e4\u00e4n juuri laantumista. Toiminta vakiintui, ja pitk\u00e4j\u00e4nteinen kehitt\u00e4mis- ja laajentamisty\u00f6 alkoi. Kauan patoutunut huoli nuorisosta p\u00e4\u00e4si purkautumaan. Kansanliikkeen tavoin opistoty\u00f6n kylv\u00f6ala laajeni l\u00e4himaakuntien kristittyihin koteihin. Opiston taustayhteis\u00f6 organisoitui. Ty\u00f6t\u00e4 on leimannut reagointi jatkuvaan yhteiskuntamuutokseen ja sen haasteisiin.<\/p><p>Opinnollisessa mieless\u00e4 t\u00e4rke\u00e4 kehitysvaihe alkoi vuonna 1969, jolloin kansanopiston yhteyteen saatiin kansankorkeakoulu ja kansanopiston viralliseksi nimeksi tuli Reisj\u00e4rven kristillinen opisto. Saatettiin siirty\u00e4 entist\u00e4 monipuolisempaan opinnolliseen ty\u00f6skentelyyn, mik\u00e4 vastasi my\u00f6s opiskelijoiden jatkuvasti kohonnutta koulupohjaa.<\/p><p>Opiston vaikutusalue laajeni samalla maan rajojen ulkopuolelle. Hiljainen maaseutukyl\u00e4 muuttui el\u00e4m\u00e4\u00e4 ja aherrusta sykkiv\u00e4ksi kansainv\u00e4liseksi oppimiskyl\u00e4ksi, jolla oli valmiudet kohdata uusin vakava haaste: 1980-luvulla esiin murtautunut tietoyhteiskunta. Opiston ulkoinen kuva muuttui my\u00f6s merkitt\u00e4vien opetus- ja asuntolatilojen ajanmukaistamisen sek\u00e4 uusien rakennus- ja laajennushankkeiden my\u00f6t\u00e4. Muuntuminen huipentui 1990-luvun vaihteessa p\u00e4\u00e4rakennuksen suureen laajennukseen ja saneeraukseen, joita vaati my\u00f6s lyhytkurssitoiminnan voimakas kasvu. Suurhanke tiesi talkoiden uutta tulemista. Talkoot ja varojen ker\u00e4ykset osoittivat, ett\u00e4 opisto oli edelleen kotien koulu. T\u00e4t\u00e4 l\u00e4ht\u00f6kohtaa korostaa taustayhteis\u00f6n organisoituminen ty\u00f6voima-alueiksi jokakes\u00e4isten maakunnallisten opistoseurojen, \u201dpienoissuviseurojen\u201d j\u00e4rjest\u00e4mist\u00e4 varten.<\/p><p>T\u00e4n\u00e4 p\u00e4iv\u00e4n\u00e4 R\u00e4is\u00e4l\u00e4nm\u00e4en opistokampus yll\u00e4tt\u00e4\u00e4 tulijan: oppilaitos monine rakennuksineen ja laajentuneine toimintamuotoineen on kokenut perinpohjaisen muutoksen viidenkymmenen toimintavuotensa aikana. Sen toiminta-ajatus kristillisen\u00e4, yleissivist\u00e4v\u00e4n\u00e4 sis\u00e4oppilaitoksena on kuitenkin pysynyt samana. My\u00f6s testamentin perusajatukselle: \u201dett\u00e4 edes yksik\u00e4\u00e4n sielu t\u00e4m\u00e4n toimen kautta pelastuisi\u201d on haluttu pysy\u00e4 uskollisina. Vanhempien h\u00e4d\u00e4st\u00e4 liikkeelle l\u00e4htenyt opistoty\u00f6 on edennyt vastustamattomasti ja kasvanut suureen mittaan. Toiminnan my\u00f6nteist\u00e4 kehityst\u00e4 voidaan verrata kertomukseen pienest\u00e4 pojasta, jolla oli viisi leip\u00e4\u00e4 ja kaksi kalaa. Niill\u00e4 ev\u00e4ill\u00e4 on ruokittu tuhansia ja taas tuhansia.<\/p><p>Opiston historiasta on julkaistu kirja El\u00e4v\u00e4n sanan koulussa. Kirja on hankittavissa opiston nettiputiikista.<\/p>\t\t\t\t\t\t<\/div>\n\t\t\t\t<\/div>\n\t\t\t\t\t<\/div>\n\t\t<\/div>\n\t\t\t\t\t\t\t<\/div>\n\t\t<\/section>\n\t\t\t\t\t\t\t<\/div>","protected":false},"excerpt":{"rendered":"<p>Kansanopistoliikkeen synty Kansanopistoliike syntyi tanskalaisen papin Nikolaus Grundtvigin (1783-1872) perustamasta nuorisokoulusta vuonna 1844.1 Grundtvig ei tyytynyt teoriapainotteiseen kaupunkikouluun. H\u00e4nen perustamansa koulun periaatteena oli opettaa k\u00e4yt\u00e4nn\u00f6nl\u00e4heist\u00e4 el\u00e4m\u00e4\u00e4 varten. H\u00e4n halusi my\u00f6s \u2013 tuon ajan kansallisen her\u00e4\u00e4misen hengess\u00e4 \u2013 \u201del\u00e4v\u00e4n sanan mahdilla ja persoonallisuuden voimalla\u201d kehitt\u00e4\u00e4 nuorisossa is\u00e4nmaallista mielt\u00e4: \u201dOn l\u00f6ydett\u00e4v\u00e4 yhteys omaan kieleen ja kansaan\u201d. My\u00f6s [&hellip;]<\/p>","protected":false},"author":1,"featured_media":1439,"parent":455,"menu_order":0,"comment_status":"closed","ping_status":"closed","template":"","meta":{"footnotes":""},"class_list":["post-470","page","type-page","status-publish","has-post-thumbnail","hentry"],"_links":{"self":[{"href":"https:\/\/www.rkropisto.fi\/en\/wp-json\/wp\/v2\/pages\/470","targetHints":{"allow":["GET"]}}],"collection":[{"href":"https:\/\/www.rkropisto.fi\/en\/wp-json\/wp\/v2\/pages"}],"about":[{"href":"https:\/\/www.rkropisto.fi\/en\/wp-json\/wp\/v2\/types\/page"}],"author":[{"embeddable":true,"href":"https:\/\/www.rkropisto.fi\/en\/wp-json\/wp\/v2\/users\/1"}],"replies":[{"embeddable":true,"href":"https:\/\/www.rkropisto.fi\/en\/wp-json\/wp\/v2\/comments?post=470"}],"version-history":[{"count":13,"href":"https:\/\/www.rkropisto.fi\/en\/wp-json\/wp\/v2\/pages\/470\/revisions"}],"predecessor-version":[{"id":1445,"href":"https:\/\/www.rkropisto.fi\/en\/wp-json\/wp\/v2\/pages\/470\/revisions\/1445"}],"up":[{"embeddable":true,"href":"https:\/\/www.rkropisto.fi\/en\/wp-json\/wp\/v2\/pages\/455"}],"wp:featuredmedia":[{"embeddable":true,"href":"https:\/\/www.rkropisto.fi\/en\/wp-json\/wp\/v2\/media\/1439"}],"wp:attachment":[{"href":"https:\/\/www.rkropisto.fi\/en\/wp-json\/wp\/v2\/media?parent=470"}],"curies":[{"name":"wp","href":"https:\/\/api.w.org\/{rel}","templated":true}]}}