{"id":466,"date":"2023-11-08T10:18:17","date_gmt":"2023-11-08T08:18:17","guid":{"rendered":"http:\/\/rkropisto.fi.upcloud.rkropisto.fi\/?page_id=466"},"modified":"2026-01-02T15:23:00","modified_gmt":"2026-01-02T13:23:00","slug":"loppiaispaivat","status":"publish","type":"page","link":"https:\/\/www.rkropisto.fi\/en\/tapahtumat-ja-palvelut\/loppiaispaivat\/","title":{"rendered":"Loppiaisp\u00e4iv\u00e4t"},"content":{"rendered":"<div data-elementor-type=\"wp-page\" data-elementor-id=\"466\" class=\"elementor elementor-466\" data-elementor-post-type=\"page\">\n\t\t\t\t\t\t\t\t\t<section class=\"elementor-section elementor-top-section elementor-element elementor-element-fa6938c elementor-section-boxed elementor-section-height-default elementor-section-height-default\" data-id=\"fa6938c\" data-element_type=\"section\" data-settings=\"{&quot;jet_parallax_layout_list&quot;:[{&quot;jet_parallax_layout_image&quot;:{&quot;url&quot;:&quot;&quot;,&quot;id&quot;:&quot;&quot;,&quot;size&quot;:&quot;&quot;},&quot;_id&quot;:&quot;8d7d62c&quot;,&quot;jet_parallax_layout_image_tablet&quot;:{&quot;url&quot;:&quot;&quot;,&quot;id&quot;:&quot;&quot;,&quot;size&quot;:&quot;&quot;},&quot;jet_parallax_layout_image_mobile&quot;:{&quot;url&quot;:&quot;&quot;,&quot;id&quot;:&quot;&quot;,&quot;size&quot;:&quot;&quot;},&quot;jet_parallax_layout_speed&quot;:{&quot;unit&quot;:&quot;%&quot;,&quot;size&quot;:50,&quot;sizes&quot;:[]},&quot;jet_parallax_layout_type&quot;:&quot;scroll&quot;,&quot;jet_parallax_layout_direction&quot;:null,&quot;jet_parallax_layout_fx_direction&quot;:null,&quot;jet_parallax_layout_z_index&quot;:&quot;&quot;,&quot;jet_parallax_layout_bg_x&quot;:50,&quot;jet_parallax_layout_bg_x_tablet&quot;:&quot;&quot;,&quot;jet_parallax_layout_bg_x_mobile&quot;:&quot;&quot;,&quot;jet_parallax_layout_bg_y&quot;:50,&quot;jet_parallax_layout_bg_y_tablet&quot;:&quot;&quot;,&quot;jet_parallax_layout_bg_y_mobile&quot;:&quot;&quot;,&quot;jet_parallax_layout_bg_size&quot;:&quot;auto&quot;,&quot;jet_parallax_layout_bg_size_tablet&quot;:&quot;&quot;,&quot;jet_parallax_layout_bg_size_mobile&quot;:&quot;&quot;,&quot;jet_parallax_layout_animation_prop&quot;:&quot;transform&quot;,&quot;jet_parallax_layout_on&quot;:[&quot;desktop&quot;,&quot;tablet&quot;]}]}\">\n\t\t\t\t\t\t<div class=\"elementor-container elementor-column-gap-default\">\n\t\t\t\t\t<div class=\"elementor-column elementor-col-100 elementor-top-column elementor-element elementor-element-517da6f\" data-id=\"517da6f\" data-element_type=\"column\">\n\t\t\t<div class=\"elementor-widget-wrap elementor-element-populated\">\n\t\t\t\t\t\t<div class=\"elementor-element elementor-element-90f9713 e-flex e-con-boxed e-con e-parent\" data-id=\"90f9713\" data-element_type=\"container\" data-settings=\"{&quot;jet_parallax_layout_list&quot;:[],&quot;content_width&quot;:&quot;boxed&quot;}\" data-core-v316-plus=\"true\">\n\t\t\t\t\t<div class=\"e-con-inner\">\n\t\t\t\t<div class=\"elementor-element elementor-element-a715789 elementor-widget-divider--view-line elementor-widget elementor-widget-divider\" data-id=\"a715789\" data-element_type=\"widget\" data-widget_type=\"divider.default\">\n\t\t\t\t<div class=\"elementor-widget-container\">\n\t\t\t<style>\/*! elementor - v3.16.0 - 09-10-2023 *\/\n.elementor-widget-divider{--divider-border-style:none;--divider-border-width:1px;--divider-color:#0c0d0e;--divider-icon-size:20px;--divider-element-spacing:10px;--divider-pattern-height:24px;--divider-pattern-size:20px;--divider-pattern-url:none;--divider-pattern-repeat:repeat-x}.elementor-widget-divider .elementor-divider{display:flex}.elementor-widget-divider .elementor-divider__text{font-size:15px;line-height:1;max-width:95%}.elementor-widget-divider .elementor-divider__element{margin:0 var(--divider-element-spacing);flex-shrink:0}.elementor-widget-divider .elementor-icon{font-size:var(--divider-icon-size)}.elementor-widget-divider .elementor-divider-separator{display:flex;margin:0;direction:ltr}.elementor-widget-divider--view-line_icon .elementor-divider-separator,.elementor-widget-divider--view-line_text .elementor-divider-separator{align-items:center}.elementor-widget-divider--view-line_icon .elementor-divider-separator:after,.elementor-widget-divider--view-line_icon .elementor-divider-separator:before,.elementor-widget-divider--view-line_text .elementor-divider-separator:after,.elementor-widget-divider--view-line_text .elementor-divider-separator:before{display:block;content:\"\";border-bottom:0;flex-grow:1;border-top:var(--divider-border-width) var(--divider-border-style) var(--divider-color)}.elementor-widget-divider--element-align-left .elementor-divider .elementor-divider-separator>.elementor-divider__svg:first-of-type{flex-grow:0;flex-shrink:100}.elementor-widget-divider--element-align-left .elementor-divider-separator:before{content:none}.elementor-widget-divider--element-align-left .elementor-divider__element{margin-left:0}.elementor-widget-divider--element-align-right .elementor-divider .elementor-divider-separator>.elementor-divider__svg:last-of-type{flex-grow:0;flex-shrink:100}.elementor-widget-divider--element-align-right .elementor-divider-separator:after{content:none}.elementor-widget-divider--element-align-right .elementor-divider__element{margin-right:0}.elementor-widget-divider:not(.elementor-widget-divider--view-line_text):not(.elementor-widget-divider--view-line_icon) .elementor-divider-separator{border-top:var(--divider-border-width) var(--divider-border-style) var(--divider-color)}.elementor-widget-divider--separator-type-pattern{--divider-border-style:none}.elementor-widget-divider--separator-type-pattern.elementor-widget-divider--view-line .elementor-divider-separator,.elementor-widget-divider--separator-type-pattern:not(.elementor-widget-divider--view-line) .elementor-divider-separator:after,.elementor-widget-divider--separator-type-pattern:not(.elementor-widget-divider--view-line) .elementor-divider-separator:before,.elementor-widget-divider--separator-type-pattern:not([class*=elementor-widget-divider--view]) .elementor-divider-separator{width:100%;min-height:var(--divider-pattern-height);-webkit-mask-size:var(--divider-pattern-size) 100%;mask-size:var(--divider-pattern-size) 100%;-webkit-mask-repeat:var(--divider-pattern-repeat);mask-repeat:var(--divider-pattern-repeat);background-color:var(--divider-color);-webkit-mask-image:var(--divider-pattern-url);mask-image:var(--divider-pattern-url)}.elementor-widget-divider--no-spacing{--divider-pattern-size:auto}.elementor-widget-divider--bg-round{--divider-pattern-repeat:round}.rtl .elementor-widget-divider .elementor-divider__text{direction:rtl}.e-con-inner>.elementor-widget-divider,.e-con>.elementor-widget-divider{width:var(--container-widget-width,100%);--flex-grow:var(--container-widget-flex-grow)}<\/style>\t\t<div class=\"elementor-divider\">\n\t\t\t<span class=\"elementor-divider-separator\">\n\t\t\t\t\t\t<\/span>\n\t\t<\/div>\n\t\t\t\t<\/div>\n\t\t\t\t<\/div>\n\t\t\t\t<div class=\"elementor-element elementor-element-d1a913e elementor-widget elementor-widget-text-editor\" data-id=\"d1a913e\" data-element_type=\"widget\" data-widget_type=\"text-editor.default\">\n\t\t\t\t<div class=\"elementor-widget-container\">\n\t\t\t<style>\/*! elementor - v3.16.0 - 09-10-2023 *\/\n.elementor-widget-text-editor.elementor-drop-cap-view-stacked .elementor-drop-cap{background-color:#69727d;color:#fff}.elementor-widget-text-editor.elementor-drop-cap-view-framed .elementor-drop-cap{color:#69727d;border:3px solid;background-color:transparent}.elementor-widget-text-editor:not(.elementor-drop-cap-view-default) .elementor-drop-cap{margin-top:8px}.elementor-widget-text-editor:not(.elementor-drop-cap-view-default) .elementor-drop-cap-letter{width:1em;height:1em}.elementor-widget-text-editor .elementor-drop-cap{float:left;text-align:center;line-height:1;font-size:50px}.elementor-widget-text-editor .elementor-drop-cap-letter{display:inline-block}<\/style>\t\t\t\t<h1><b>Loppiaisp\u00e4iv\u00e4t 5.\u20136.1.2026<\/b><\/h1><h4><b><br \/>Maanantai 5.1.2026<\/b><\/h4><p><span style=\"font-weight: 400;\">13.30<\/span> <span style=\"font-weight: 400;\">Lounas<\/span><\/p><p><span style=\"font-weight: 400;\">15.00<\/span> <b>Seurat <\/b>(<span style=\"font-weight: 400;\">Arto Paavola <\/span><span style=\"font-weight: 400;\">ja Allen Pirness)<\/span><\/p><p><span style=\"font-weight: 400;\">16.30<\/span> <span style=\"font-weight: 400;\">P\u00e4iv\u00e4llinen<\/span><\/p><p><span style=\"font-weight: 400;\">17.30<\/span> <b>Laulutuokio<\/b><\/p><p><span style=\"font-weight: 400;\">18.00<\/span> <b>Alustus ja keskustelu:\u00a0<\/b><b>\u201cJumalan voimalla\u201d <\/b>(<span style=\"font-weight: 400;\">Tuomo Hilliaho)<\/span><\/p><p><span style=\"font-weight: 400;\">20.00<\/span> <span style=\"font-weight: 400;\">Iltapala ja laulutuokio<\/span><\/p><h4>\u00a0<\/h4><h4><b>Tiistai 6.1.2026<\/b><\/h4><p><span style=\"font-weight: 400;\">11.00<\/span> <span style=\"font-weight: 400;\">Lounas<\/span><\/p><p><span style=\"font-weight: 400;\">12.00<\/span> <b>Perhepyh\u00e4koulu <\/b>(<span style=\"font-weight: 400;\">Tuomo Hilliaho)<\/span><\/p><p><span style=\"font-weight: 400;\">12.30<\/span> <span style=\"font-weight: 400;\">Kahvi<\/span><\/p><p><span style=\"font-weight: 400;\">13.00<\/span> <b>Alustus ja keskustelu:\u00a0<\/b><b>\u201dMin\u00e4 olen ihme\u201d <\/b>(<span style=\"font-weight: 400;\">Harri Isopahkala)<\/span><\/p><p><b>Hartaus <\/b>(<span style=\"font-weight: 400;\">Allen Pirness)<\/span><\/p><p><span style=\"font-weight: 400;\">15.30<\/span> <span style=\"font-weight: 400;\">P\u00e4iv\u00e4llinen<\/span><\/p><p><span style=\"font-weight: 400;\">18.00<\/span> <span style=\"font-weight: 400;\">Ehtoollisjumalanpalvelus Reisj\u00e4rven kirkossa<\/span><span style=\"font-weight: 400;\"><br \/><\/span> <span style=\"font-weight: 400;\">Saarna (Harri Isopahkala)<\/span><\/p>\t\t\t\t\t\t<\/div>\n\t\t\t\t<\/div>\n\t\t\t\t<div class=\"elementor-element elementor-element-1308d1d elementor-widget-divider--view-line elementor-widget elementor-widget-divider\" data-id=\"1308d1d\" data-element_type=\"widget\" data-widget_type=\"divider.default\">\n\t\t\t\t<div class=\"elementor-widget-container\">\n\t\t\t\t\t<div class=\"elementor-divider\">\n\t\t\t<span class=\"elementor-divider-separator\">\n\t\t\t\t\t\t<\/span>\n\t\t<\/div>\n\t\t\t\t<\/div>\n\t\t\t\t<\/div>\n\t\t\t\t\t<\/div>\n\t\t\t\t<\/div>\n\t\t\t\t<div class=\"elementor-element elementor-element-cf33e89 elementor-widget elementor-widget-text-editor\" data-id=\"cf33e89\" data-element_type=\"widget\" data-widget_type=\"text-editor.default\">\n\t\t\t\t<div class=\"elementor-widget-container\">\n\t\t\t\t\t\t\t<p><strong>Voit seurata loppiaisp\u00e4ivi\u00e4<\/strong> <a href=\"http:\/\/youtube.com\/rkropisto\/live\" target=\"_blank\" rel=\"noopener\">Youtuben<\/a> <strong>kautta<\/strong> (youtube.com\/rkropisto\/live). <strong>Vain seurapuheet ja alustukset suoratoistetaan<\/strong>.\u00a0<\/p>\t\t\t\t\t\t<\/div>\n\t\t\t\t<\/div>\n\t\t\t\t<div class=\"elementor-element elementor-element-628aa17 elementor-widget-divider--view-line elementor-widget elementor-widget-divider\" data-id=\"628aa17\" data-element_type=\"widget\" data-widget_type=\"divider.default\">\n\t\t\t\t<div class=\"elementor-widget-container\">\n\t\t\t\t\t<div class=\"elementor-divider\">\n\t\t\t<span class=\"elementor-divider-separator\">\n\t\t\t\t\t\t<\/span>\n\t\t<\/div>\n\t\t\t\t<\/div>\n\t\t\t\t<\/div>\n\t\t\t\t\t<\/div>\n\t\t<\/div>\n\t\t\t\t\t\t\t<\/div>\n\t\t<\/section>\n\t\t<div class=\"elementor-element elementor-element-5e191a6 e-flex e-con-boxed e-con e-parent\" data-id=\"5e191a6\" data-element_type=\"container\" data-settings=\"{&quot;jet_parallax_layout_list&quot;:[],&quot;content_width&quot;:&quot;boxed&quot;}\" data-core-v316-plus=\"true\">\n\t\t\t\t\t<div class=\"e-con-inner\">\n\t\t\t\t<div class=\"elementor-element elementor-element-173a96b elementor-widget__width-initial elementor-widget elementor-widget-text-editor\" data-id=\"173a96b\" data-element_type=\"widget\" data-widget_type=\"text-editor.default\">\n\t\t\t\t<div class=\"elementor-widget-container\">\n\t\t\t\t\t\t\t<h4><b>\u00a0 \u00a0 \u00a0Loppiaisp\u00e4iv\u00e4t 2026<\/b><\/h4><h3><b>\u00a0 \u00a0 HINNASTO\u00a0<\/b><\/h3><p style=\"padding-left: 40px;\">Ruoka-annos 6,00 \u20ac<\/p><p style=\"padding-left: 40px;\">(sis. ruoka, juoma, leip\u00e4)<\/p><p style=\"padding-left: 40px;\">Ranskalaiset 4,00 \u20ac<\/p><p style=\"padding-left: 40px;\">Pizza\u00a0 \u00a0 4,50 \u20ac<\/p><p style=\"padding-left: 40px;\">Kahvi ja pulla 4,50 \u20ac<\/p><p style=\"padding-left: 40px;\">Limsa 2,00 \u20ac<\/p><p style=\"padding-left: 40px;\">Kahvi 2,00 \u20ac<\/p><p style=\"padding-left: 40px;\">Kahvileip\u00e4 2,50 \u20ac<\/p><p style=\"padding-left: 40px;\">Pillimehu 1,00 \u20ac<\/p><p style=\"padding-left: 40px;\">PERHELIPPU LOUNAS 35,00 \u20ac<\/p><p style=\"padding-left: 40px;\">\u00a0\u00a0*sis. 2 aikuista, 0-16 v. lapset\u00a0\u00a0<\/p><p style=\"padding-left: 40px;\">\u00a0PERHELIPPU KAHVI 15,00 \u20ac<\/p>\t\t\t\t\t\t<\/div>\n\t\t\t\t<\/div>\n\t\t\t\t\t<\/div>\n\t\t\t\t<\/div>\n\t\t\t\t\t\t\t<\/div>","protected":false},"excerpt":{"rendered":"<p>Loppiaisp\u00e4iv\u00e4t 5.\u20136.1.2026 Maanantai 5.1.2026 13.30 Lounas 15.00 Seurat (Arto Paavola ja Allen Pirness) 16.30 P\u00e4iv\u00e4llinen 17.30 Laulutuokio 18.00 Alustus ja keskustelu:\u00a0\u201cJumalan voimalla\u201d (Tuomo Hilliaho) 20.00 Iltapala ja laulutuokio \u00a0 Tiistai 6.1.2026 11.00 Lounas 12.00 Perhepyh\u00e4koulu (Tuomo Hilliaho) 12.30 Kahvi 13.00 Alustus ja keskustelu:\u00a0\u201dMin\u00e4 olen ihme\u201d (Harri Isopahkala) Hartaus (Allen Pirness) 15.30 P\u00e4iv\u00e4llinen 18.00 Ehtoollisjumalanpalvelus Reisj\u00e4rven [&hellip;]<\/p>","protected":false},"author":2,"featured_media":11334,"parent":82,"menu_order":0,"comment_status":"closed","ping_status":"closed","template":"","meta":{"footnotes":""},"class_list":["post-466","page","type-page","status-publish","has-post-thumbnail","hentry"],"_links":{"self":[{"href":"https:\/\/www.rkropisto.fi\/en\/wp-json\/wp\/v2\/pages\/466","targetHints":{"allow":["GET"]}}],"collection":[{"href":"https:\/\/www.rkropisto.fi\/en\/wp-json\/wp\/v2\/pages"}],"about":[{"href":"https:\/\/www.rkropisto.fi\/en\/wp-json\/wp\/v2\/types\/page"}],"author":[{"embeddable":true,"href":"https:\/\/www.rkropisto.fi\/en\/wp-json\/wp\/v2\/users\/2"}],"replies":[{"embeddable":true,"href":"https:\/\/www.rkropisto.fi\/en\/wp-json\/wp\/v2\/comments?post=466"}],"version-history":[{"count":188,"href":"https:\/\/www.rkropisto.fi\/en\/wp-json\/wp\/v2\/pages\/466\/revisions"}],"predecessor-version":[{"id":13298,"href":"https:\/\/www.rkropisto.fi\/en\/wp-json\/wp\/v2\/pages\/466\/revisions\/13298"}],"up":[{"embeddable":true,"href":"https:\/\/www.rkropisto.fi\/en\/wp-json\/wp\/v2\/pages\/82"}],"wp:featuredmedia":[{"embeddable":true,"href":"https:\/\/www.rkropisto.fi\/en\/wp-json\/wp\/v2\/media\/11334"}],"wp:attachment":[{"href":"https:\/\/www.rkropisto.fi\/en\/wp-json\/wp\/v2\/media?parent=466"}],"curies":[{"name":"wp","href":"https:\/\/api.w.org\/{rel}","templated":true}]}}