{"id":12851,"date":"2025-01-29T15:51:33","date_gmt":"2025-01-29T13:51:33","guid":{"rendered":"https:\/\/www.rkropisto.fi\/?page_id=12851"},"modified":"2025-02-25T15:01:53","modified_gmt":"2025-02-25T13:01:53","slug":"digiaskel","status":"publish","type":"page","link":"https:\/\/www.rkropisto.fi\/en\/digiaskel\/","title":{"rendered":"Digiaskel"},"content":{"rendered":"<figure class=\"wp-block-image size-full\"><img loading=\"lazy\" decoding=\"async\" width=\"2000\" height=\"1121\" src=\"http:\/\/rkropisto.fi.upcloud.rkropisto.fi\/wp-content\/uploads\/2025\/02\/digi-mike-wizard.png\" alt=\"\" class=\"wp-image-12891\" srcset=\"https:\/\/www.rkropisto.fi\/wp-content\/uploads\/2025\/02\/digi-mike-wizard.png 2000w, https:\/\/www.rkropisto.fi\/wp-content\/uploads\/2025\/02\/digi-mike-wizard-300x168.png 300w, https:\/\/www.rkropisto.fi\/wp-content\/uploads\/2025\/02\/digi-mike-wizard-1110x622.png 1110w, https:\/\/www.rkropisto.fi\/wp-content\/uploads\/2025\/02\/digi-mike-wizard-768x430.png 768w, https:\/\/www.rkropisto.fi\/wp-content\/uploads\/2025\/02\/digi-mike-wizard-1536x861.png 1536w, https:\/\/www.rkropisto.fi\/wp-content\/uploads\/2025\/02\/digi-mike-wizard-18x10.png 18w\" sizes=\"auto, (max-width: 2000px) 100vw, 2000px\" \/><\/figure>\n\n\n\n<p><em>Jumittaako tekniikka vai jumitatko sin\u00e4? Tuhlaatko aikaasi vai tehostatko ty\u00f6t\u00e4si?<\/em> <\/p>\n\n\n\n<p><strong>Pienyritt\u00e4j\u00e4 ota digitaidot haltuun!<\/strong> <strong>Ilmoittaudu maksuttomaan koulutukseen!<\/strong><\/p>\n\n\n\n<p>Digiaskel-koulutuksen tavoitteena on lis\u00e4t\u00e4 Reisj\u00e4rven kr. opiston toimintaymp\u00e4rist\u00f6ss\u00e4<br>olevien pienyritt\u00e4jien tai yli 55-vuotiaiden ty\u00f6ss\u00e4k\u00e4yvien digitaito-osaamista.<br>Koulutettavat saavat valmiuksia ja taitoja tietotekniikan, digimarkkinoinnin ja teko\u00e4lyn<br>hy\u00f6dynt\u00e4miseen yrityksess\u00e4\u00e4n tai ty\u00f6el\u00e4m\u00e4ss\u00e4. Koulutus j\u00e4rjestet\u00e4\u00e4n verkostoitumista ja<br>vertaisoppimista tukevassa oppimisymp\u00e4rist\u00f6ss\u00e4. Tavoitteena on, ett\u00e4 koulutettavat<br>voivat jakaa osaamistaan ja auttaa toisiaan ongelmatilanteissa sek\u00e4 koulutuksen aikana<br>ett\u00e4 kurssien v\u00e4lill\u00e4 ja koulutuksen j\u00e4lkeen. Koulutus on osallistujille maksuton, ja se on Euroopan unionin rahoittama. Rahoituksen on my\u00f6nt\u00e4nyt Jatkuvan oppimisen ja ty\u00f6llisyyden palvelukeskus. <\/p>\n\n\n\n<p><strong>Osaamispalvelun toteutussuunnitelma, toteutustapa, menetelm\u00e4 ja muoto.<\/strong><\/p>\n\n\n\n<p><br>Koulutus toteutetaan kolmena viikonloppukurssina sis\u00e4oppilaitoksessa perjantai-illasta<br>klo 18.30 lauantaihin klo 17. Koulutuksen oppimisteht\u00e4v\u00e4t nousevat opiskelijoiden<br>ty\u00f6el\u00e4m\u00e4l\u00e4ht\u00f6isist\u00e4 tarpeista. Koulutuksessa hy\u00f6dynnet\u00e4\u00e4n teoriaan linkittyv\u00e4\u00e4<br>k\u00e4yt\u00e4nn\u00f6nl\u00e4heist\u00e4 ryhm\u00e4- ja yksil\u00f6ty\u00f6skentely\u00e4. Koulutusta rikastetaan ty\u00f6el\u00e4m\u00e4l\u00e4ht\u00f6isell\u00e4 webinaariluennolla. Ryhm\u00e4n k\u00e4yt\u00f6ss\u00e4 on Google Education -verkko-oppimisymp\u00e4rist\u00f6 ja tietokoneet kurssiviikonloppujen ajan.<\/p>\n\n\n\n<p>Koulutusviikonlopussa kokeillaan uutta koulutusmallia, jossa yhdistyy kahden kouluttajan yhteisty\u00f6n\u00e4<br>ty\u00f6el\u00e4m\u00e4osaaminen ja kansanopistopedagogiikka. Toinen kouluttajista on<br>ty\u00f6el\u00e4m\u00e4l\u00e4ht\u00f6inen kouluttaja, toinen kouluttajista kansanopiston vakituinen opettaja,<br>jolla on vahva yhteis\u00f6pedagoginen ote. Oppimisymp\u00e4rist\u00f6 tarjoaa vertaisoppimisen ja<br>verkostoitumisen mahdollisuuden opiston vapaa-ajan ohjelman yhteydess\u00e4, sill\u00e4<br>koulutusviikonloppu jatkuu verkostoitumisena ja oppimisen reflektiona opiskeluryhm<br>kesken sunnuntaihin saakka.<\/p>\n\n\n\n<p><strong>Osaamispalvelussa toteutettavat osaamissis\u00e4ll\u00f6t. <\/strong><br>Osaamissis\u00e4ll\u00f6t jakaantuvat kolmeen eri viikonloppuun, ja ne muodostavat<br>kokonaisuuden, jossa oppimisteht\u00e4v\u00e4t nousevat opiskelijoiden ty\u00f6el\u00e4m\u00e4tarpeista.<br>L\u00e4pileikkaavana osaamissis\u00e4lt\u00f6n\u00e4 perehdyt\u00e4\u00e4n teko\u00e4lyn sek\u00e4 edullisten ja<br>k\u00e4yt\u00e4nn\u00f6llisten digi- ja verkkosovellusten hy\u00f6dynt\u00e4miseen oman yrityksen ja osaamisen<br>kehitt\u00e4misess\u00e4.<\/p>\n\n\n\n<p><strong>1) 16.-18.5.2025 Oma br\u00e4ndi ja visuaalinen suunnittelu<\/strong><\/p>\n\n\n\n<ul class=\"wp-block-list\">\n<li>mit\u00e4 br\u00e4ndi on ja miten sit\u00e4 voi kehitt\u00e4\u00e4<\/li>\n\n\n\n<li>br\u00e4ndinmukainen viestint\u00e4 ja verkko-ohjelmistojen hy\u00f6dynt\u00e4minen<\/li>\n\n\n\n<li>oman br\u00e4ndin suunnittelu ja visuaaliset elementit<\/li>\n\n\n\n<li>teko\u00e4ly kuvittamisessa<\/li>\n<\/ul>\n\n\n\n<p><strong>2) 15.-17.8.2025 Digimarkkinointi ja someviestint\u00e4<\/strong><\/p>\n\n\n\n<ul class=\"wp-block-list\">\n<li>tarinallisuus ja myyv\u00e4 viestint\u00e4<\/li>\n\n\n\n<li>teko\u00e4ly sis\u00e4ll\u00f6ntuotannossa<\/li>\n\n\n\n<li>someviestint\u00e4 ja digimarkkinoinnin keinot<\/li>\n\n\n\n<li>digitaalinen asiakaspolku ja myyv\u00e4t verkkosivut<\/li>\n\n\n\n<li>markkinoinnin suunnittelun ty\u00f6kalut<\/li>\n<\/ul>\n\n\n\n<p><strong>3) 7. &#8211; 8.11. Tietosuoja ja datan hallinta<\/strong><\/p>\n\n\n\n<ul class=\"wp-block-list\">\n<li>asiakasrekisterit, tietosuoja<\/li>\n\n\n\n<li>medialukutaito<\/li>\n\n\n\n<li>salasanojen hallinta<\/li>\n\n\n\n<li>datan k\u00e4ytt\u00f6 ja hy\u00f6dynt\u00e4minen liiketoiminnassa<\/li>\n<\/ul>\n\n\n\n<p>Ilmoittautuminen <a href=\"https:\/\/www.lyhytkurssille.fi\/kurssi\/reisjarvi\/11650\/\">https:\/\/www.lyhytkurssille.fi\/kurssi\/reisjarvi\/11650\/<\/a><\/p>\n\n\n\n<div class=\"wp-block-group is-layout-grid wp-container-core-group-is-layout-9649a0d9 wp-block-group-is-layout-grid\">\n<figure class=\"wp-block-image size-large\"><img loading=\"lazy\" decoding=\"async\" width=\"1110\" height=\"445\" src=\"http:\/\/rkropisto.fi.upcloud.rkropisto.fi\/wp-content\/uploads\/2025\/02\/Rahoittaja_Jotpa_fi1-1110x445.png\" alt=\"\" class=\"wp-image-12885\" srcset=\"https:\/\/www.rkropisto.fi\/wp-content\/uploads\/2025\/02\/Rahoittaja_Jotpa_fi1-1110x445.png 1110w, https:\/\/www.rkropisto.fi\/wp-content\/uploads\/2025\/02\/Rahoittaja_Jotpa_fi1-300x120.png 300w, https:\/\/www.rkropisto.fi\/wp-content\/uploads\/2025\/02\/Rahoittaja_Jotpa_fi1-768x308.png 768w, https:\/\/www.rkropisto.fi\/wp-content\/uploads\/2025\/02\/Rahoittaja_Jotpa_fi1-1536x615.png 1536w, https:\/\/www.rkropisto.fi\/wp-content\/uploads\/2025\/02\/Rahoittaja_Jotpa_fi1-18x7.png 18w, https:\/\/www.rkropisto.fi\/wp-content\/uploads\/2025\/02\/Rahoittaja_Jotpa_fi1.png 2000w\" sizes=\"auto, (max-width: 1110px) 100vw, 1110px\" \/><\/figure>\n\n\n\n<figure class=\"wp-block-image size-large\"><img loading=\"lazy\" decoding=\"async\" width=\"1110\" height=\"292\" src=\"http:\/\/rkropisto.fi.upcloud.rkropisto.fi\/wp-content\/uploads\/2025\/02\/EU_disclaimer_kestavakasvu_FI_black1-1110x292.png\" alt=\"\" class=\"wp-image-12887\" srcset=\"https:\/\/www.rkropisto.fi\/wp-content\/uploads\/2025\/02\/EU_disclaimer_kestavakasvu_FI_black1-1110x292.png 1110w, https:\/\/www.rkropisto.fi\/wp-content\/uploads\/2025\/02\/EU_disclaimer_kestavakasvu_FI_black1-300x79.png 300w, https:\/\/www.rkropisto.fi\/wp-content\/uploads\/2025\/02\/EU_disclaimer_kestavakasvu_FI_black1-768x202.png 768w, https:\/\/www.rkropisto.fi\/wp-content\/uploads\/2025\/02\/EU_disclaimer_kestavakasvu_FI_black1-18x5.png 18w, https:\/\/www.rkropisto.fi\/wp-content\/uploads\/2025\/02\/EU_disclaimer_kestavakasvu_FI_black1.png 1330w\" sizes=\"auto, (max-width: 1110px) 100vw, 1110px\" \/><\/figure>\n<\/div>\n\n\n\n<p>Koulutus on rahoitettu Euroopan unionin elpymis- ja palautumistukiv\u00e4lineell\u00e4 (RRF), joka on EU:n elpymisv\u00e4lineen (Next Generation EU) suurin ohjelma. Rahoituksen on my\u00f6nt\u00e4nyt Jatkuvan oppimisen ja ty\u00f6llisyyden palvelukeskus. Palvelukeskus edist\u00e4\u00e4 ty\u00f6ik\u00e4isten osaamisen kehitt\u00e4mist\u00e4 ja osaavan ty\u00f6voiman saatavuutta. Palvelukeskuksen toimintaa ohjaavat opetus- ja kulttuuriministeri\u00f6 sek\u00e4 ty\u00f6- ja elinkeinoministeri\u00f6.<\/p>","protected":false},"excerpt":{"rendered":"<p>Jumittaako tekniikka vai jumitatko sin\u00e4? Tuhlaatko aikaasi vai tehostatko ty\u00f6t\u00e4si? Pienyritt\u00e4j\u00e4 ota digitaidot haltuun! Ilmoittaudu maksuttomaan koulutukseen! Digiaskel-koulutuksen tavoitteena on lis\u00e4t\u00e4 Reisj\u00e4rven kr. opiston toimintaymp\u00e4rist\u00f6ss\u00e4olevien pienyritt\u00e4jien tai yli 55-vuotiaiden ty\u00f6ss\u00e4k\u00e4yvien digitaito-osaamista.Koulutettavat saavat valmiuksia ja taitoja tietotekniikan, digimarkkinoinnin ja teko\u00e4lynhy\u00f6dynt\u00e4miseen yrityksess\u00e4\u00e4n tai ty\u00f6el\u00e4m\u00e4ss\u00e4. Koulutus j\u00e4rjestet\u00e4\u00e4n verkostoitumista javertaisoppimista tukevassa oppimisymp\u00e4rist\u00f6ss\u00e4. Tavoitteena on, ett\u00e4 koulutettavatvoivat jakaa osaamistaan ja [&hellip;]<\/p>","protected":false},"author":2,"featured_media":12866,"parent":0,"menu_order":0,"comment_status":"closed","ping_status":"closed","template":"","meta":{"footnotes":""},"class_list":["post-12851","page","type-page","status-publish","has-post-thumbnail","hentry"],"_links":{"self":[{"href":"https:\/\/www.rkropisto.fi\/en\/wp-json\/wp\/v2\/pages\/12851","targetHints":{"allow":["GET"]}}],"collection":[{"href":"https:\/\/www.rkropisto.fi\/en\/wp-json\/wp\/v2\/pages"}],"about":[{"href":"https:\/\/www.rkropisto.fi\/en\/wp-json\/wp\/v2\/types\/page"}],"author":[{"embeddable":true,"href":"https:\/\/www.rkropisto.fi\/en\/wp-json\/wp\/v2\/users\/2"}],"replies":[{"embeddable":true,"href":"https:\/\/www.rkropisto.fi\/en\/wp-json\/wp\/v2\/comments?post=12851"}],"version-history":[{"count":8,"href":"https:\/\/www.rkropisto.fi\/en\/wp-json\/wp\/v2\/pages\/12851\/revisions"}],"predecessor-version":[{"id":12894,"href":"https:\/\/www.rkropisto.fi\/en\/wp-json\/wp\/v2\/pages\/12851\/revisions\/12894"}],"wp:featuredmedia":[{"embeddable":true,"href":"https:\/\/www.rkropisto.fi\/en\/wp-json\/wp\/v2\/media\/12866"}],"wp:attachment":[{"href":"https:\/\/www.rkropisto.fi\/en\/wp-json\/wp\/v2\/media?parent=12851"}],"curies":[{"name":"wp","href":"https:\/\/api.w.org\/{rel}","templated":true}]}}