{"id":11768,"date":"2023-08-06T12:17:59","date_gmt":"2023-08-06T09:17:59","guid":{"rendered":"https:\/\/www.rkropisto.fi\/?page_id=11768"},"modified":"2023-08-06T13:02:39","modified_gmt":"2023-08-06T10:02:39","slug":"anna-palautetta-opistoseurojen-ajankohdasta","status":"publish","type":"page","link":"https:\/\/www.rkropisto.fi\/en\/anna-palautetta-opistoseurojen-ajankohdasta\/","title":{"rendered":"Anna palautetta opistoseurojen ajankohdasta"},"content":{"rendered":"<div data-elementor-type=\"wp-page\" data-elementor-id=\"11768\" class=\"elementor elementor-11768\" data-elementor-post-type=\"page\">\n\t\t\t\t\t\t\t\t\t<section class=\"elementor-section elementor-top-section elementor-element elementor-element-4adaef15 elementor-section-boxed elementor-section-height-default elementor-section-height-default\" data-id=\"4adaef15\" data-element_type=\"section\" data-settings=\"{&quot;jet_parallax_layout_list&quot;:[]}\">\n\t\t\t\t\t\t<div class=\"elementor-container elementor-column-gap-default\">\n\t\t\t\t\t<div class=\"elementor-column elementor-col-100 elementor-top-column elementor-element elementor-element-b7d5aee\" data-id=\"b7d5aee\" data-element_type=\"column\">\n\t\t\t<div class=\"elementor-widget-wrap elementor-element-populated\">\n\t\t\t\t\t\t\t\t<div class=\"elementor-element elementor-element-4ab3f6c elementor-widget elementor-widget-text-editor\" data-id=\"4ab3f6c\" data-element_type=\"widget\" data-widget_type=\"text-editor.default\">\n\t\t\t\t<div class=\"elementor-widget-container\">\n\t\t\t<style>\/*! elementor - v3.16.0 - 09-10-2023 *\/\n.elementor-widget-text-editor.elementor-drop-cap-view-stacked .elementor-drop-cap{background-color:#69727d;color:#fff}.elementor-widget-text-editor.elementor-drop-cap-view-framed .elementor-drop-cap{color:#69727d;border:3px solid;background-color:transparent}.elementor-widget-text-editor:not(.elementor-drop-cap-view-default) .elementor-drop-cap{margin-top:8px}.elementor-widget-text-editor:not(.elementor-drop-cap-view-default) .elementor-drop-cap-letter{width:1em;height:1em}.elementor-widget-text-editor .elementor-drop-cap{float:left;text-align:center;line-height:1;font-size:50px}.elementor-widget-text-editor .elementor-drop-cap-letter{display:inline-block}<\/style>\t\t\t\t<!-- wp:paragraph -->\n<p>Reisj\u00e4rven opistoseurat on pidetty t\u00e4n\u00e4 ja viime vuonna kokeiluluonteisesti elokuun alussa perinteisen hein\u00e4kuun puoliv\u00e4lin sijaan. Syksyll\u00e4 opiston johtokunta p\u00e4\u00e4tt\u00e4\u00e4, mik\u00e4 on pysyv\u00e4 seura-ajankohta. Opisto ker\u00e4\u00e4 kokemuksia uudesta ajankohdasta p\u00e4\u00e4t\u00f6ksenteon tueksi. Voit antaa palautetta s\u00e4hk\u00f6isess\u00e4 kyselyss\u00e4, johon voi vastata <a href=\"https:\/\/forms.gle\/jsaLGGikmkmZY7VdA\">t\u00e4st\u00e4 linkist\u00e4<\/a>.<\/p>\n<!-- \/wp:paragraph -->\t\t\t\t\t\t<\/div>\n\t\t\t\t<\/div>\n\t\t\t\t\t<\/div>\n\t\t<\/div>\n\t\t\t\t\t\t\t<\/div>\n\t\t<\/section>\n\t\t\t\t\t\t\t<\/div>","protected":false},"excerpt":{"rendered":"<p>Reisj\u00e4rven opistoseurat on pidetty t\u00e4n\u00e4 ja viime vuonna kokeiluluonteisesti elokuun alussa perinteisen hein\u00e4kuun puoliv\u00e4lin sijaan. Syksyll\u00e4 opiston johtokunta p\u00e4\u00e4tt\u00e4\u00e4, mik\u00e4 on pysyv\u00e4 seura-ajankohta. Opisto ker\u00e4\u00e4 kokemuksia uudesta ajankohdasta p\u00e4\u00e4t\u00f6ksenteon tueksi. Voit antaa palautetta s\u00e4hk\u00f6isess\u00e4 kyselyss\u00e4, johon voi vastata t\u00e4st\u00e4 linkist\u00e4.<\/p>","protected":false},"author":7,"featured_media":11706,"parent":0,"menu_order":0,"comment_status":"closed","ping_status":"closed","template":"","meta":{"footnotes":""},"class_list":["post-11768","page","type-page","status-publish","has-post-thumbnail","hentry"],"_links":{"self":[{"href":"https:\/\/www.rkropisto.fi\/en\/wp-json\/wp\/v2\/pages\/11768","targetHints":{"allow":["GET"]}}],"collection":[{"href":"https:\/\/www.rkropisto.fi\/en\/wp-json\/wp\/v2\/pages"}],"about":[{"href":"https:\/\/www.rkropisto.fi\/en\/wp-json\/wp\/v2\/types\/page"}],"author":[{"embeddable":true,"href":"https:\/\/www.rkropisto.fi\/en\/wp-json\/wp\/v2\/users\/7"}],"replies":[{"embeddable":true,"href":"https:\/\/www.rkropisto.fi\/en\/wp-json\/wp\/v2\/comments?post=11768"}],"version-history":[{"count":3,"href":"https:\/\/www.rkropisto.fi\/en\/wp-json\/wp\/v2\/pages\/11768\/revisions"}],"predecessor-version":[{"id":11771,"href":"https:\/\/www.rkropisto.fi\/en\/wp-json\/wp\/v2\/pages\/11768\/revisions\/11771"}],"wp:featuredmedia":[{"embeddable":true,"href":"https:\/\/www.rkropisto.fi\/en\/wp-json\/wp\/v2\/media\/11706"}],"wp:attachment":[{"href":"https:\/\/www.rkropisto.fi\/en\/wp-json\/wp\/v2\/media?parent=11768"}],"curies":[{"name":"wp","href":"https:\/\/api.w.org\/{rel}","templated":true}]}}