{"id":11312,"date":"2023-01-04T09:45:19","date_gmt":"2023-01-04T07:45:19","guid":{"rendered":"https:\/\/www.rkropisto.fi\/?page_id=11312"},"modified":"2023-01-04T09:55:33","modified_gmt":"2023-01-04T07:55:33","slug":"opiskelijakortti","status":"publish","type":"page","link":"https:\/\/www.rkropisto.fi\/en\/opiskelijakortti\/","title":{"rendered":"Opiskelijakortti"},"content":{"rendered":"<div data-elementor-type=\"wp-page\" data-elementor-id=\"11312\" class=\"elementor elementor-11312\" data-elementor-post-type=\"page\">\n\t\t\t\t\t\t\t\t\t<section class=\"elementor-section elementor-top-section elementor-element elementor-element-17540e3 elementor-section-boxed elementor-section-height-default elementor-section-height-default\" data-id=\"17540e3\" data-element_type=\"section\" data-settings=\"{&quot;jet_parallax_layout_list&quot;:[{&quot;jet_parallax_layout_image&quot;:{&quot;url&quot;:&quot;&quot;,&quot;id&quot;:&quot;&quot;,&quot;size&quot;:&quot;&quot;},&quot;_id&quot;:&quot;3938ebb&quot;,&quot;jet_parallax_layout_image_tablet&quot;:{&quot;url&quot;:&quot;&quot;,&quot;id&quot;:&quot;&quot;,&quot;size&quot;:&quot;&quot;},&quot;jet_parallax_layout_image_mobile&quot;:{&quot;url&quot;:&quot;&quot;,&quot;id&quot;:&quot;&quot;,&quot;size&quot;:&quot;&quot;},&quot;jet_parallax_layout_speed&quot;:{&quot;unit&quot;:&quot;%&quot;,&quot;size&quot;:50,&quot;sizes&quot;:[]},&quot;jet_parallax_layout_type&quot;:&quot;scroll&quot;,&quot;jet_parallax_layout_direction&quot;:null,&quot;jet_parallax_layout_fx_direction&quot;:null,&quot;jet_parallax_layout_z_index&quot;:&quot;&quot;,&quot;jet_parallax_layout_bg_x&quot;:50,&quot;jet_parallax_layout_bg_x_tablet&quot;:&quot;&quot;,&quot;jet_parallax_layout_bg_x_mobile&quot;:&quot;&quot;,&quot;jet_parallax_layout_bg_y&quot;:50,&quot;jet_parallax_layout_bg_y_tablet&quot;:&quot;&quot;,&quot;jet_parallax_layout_bg_y_mobile&quot;:&quot;&quot;,&quot;jet_parallax_layout_bg_size&quot;:&quot;auto&quot;,&quot;jet_parallax_layout_bg_size_tablet&quot;:&quot;&quot;,&quot;jet_parallax_layout_bg_size_mobile&quot;:&quot;&quot;,&quot;jet_parallax_layout_animation_prop&quot;:&quot;transform&quot;,&quot;jet_parallax_layout_on&quot;:[&quot;desktop&quot;,&quot;tablet&quot;]}]}\">\n\t\t\t\t\t\t<div class=\"elementor-container elementor-column-gap-default\">\n\t\t\t\t\t<div class=\"elementor-column elementor-col-100 elementor-top-column elementor-element elementor-element-3bd848a\" data-id=\"3bd848a\" data-element_type=\"column\">\n\t\t\t<div class=\"elementor-widget-wrap elementor-element-populated\">\n\t\t\t\t\t\t\t\t<div class=\"elementor-element elementor-element-af242ce elementor-widget elementor-widget-text-editor\" data-id=\"af242ce\" data-element_type=\"widget\" data-widget_type=\"text-editor.default\">\n\t\t\t\t<div class=\"elementor-widget-container\">\n\t\t\t<style>\/*! elementor - v3.16.0 - 09-10-2023 *\/\n.elementor-widget-text-editor.elementor-drop-cap-view-stacked .elementor-drop-cap{background-color:#69727d;color:#fff}.elementor-widget-text-editor.elementor-drop-cap-view-framed .elementor-drop-cap{color:#69727d;border:3px solid;background-color:transparent}.elementor-widget-text-editor:not(.elementor-drop-cap-view-default) .elementor-drop-cap{margin-top:8px}.elementor-widget-text-editor:not(.elementor-drop-cap-view-default) .elementor-drop-cap-letter{width:1em;height:1em}.elementor-widget-text-editor .elementor-drop-cap{float:left;text-align:center;line-height:1;font-size:50px}.elementor-widget-text-editor .elementor-drop-cap-letter{display:inline-block}<\/style>\t\t\t\t<p>Reisj\u00e4rven kr. opiston opiskelijana saat maksuttoman digitaalisen Slice-opiskelijakortin. Kortti on hy\u00f6dyllinen, sill\u00e4 sen kautta olet oikeutettu VR:n ja Matkahuollon etuihin sek\u00e4 tuhansiin muihin Slice-opiskelijaetuihin halki Suomen. Kortti toimii siis virallisena todistuksena opiskeluistasi Reisj\u00e4rven kr. opistossa. Saat kortin k\u00e4ytt\u00f6\u00f6si ensimm\u00e4isen opiskeluviikon aikana.\u00a0<\/p><p>Kortti on voimassa koko opistovuoden ajan.\u00a0<\/p>\t\t\t\t\t\t<\/div>\n\t\t\t\t<\/div>\n\t\t\t\t\t<\/div>\n\t\t<\/div>\n\t\t\t\t\t\t\t<\/div>\n\t\t<\/section>\n\t\t\t\t<section class=\"elementor-section elementor-top-section elementor-element elementor-element-1cbc2ae elementor-section-boxed elementor-section-height-default elementor-section-height-default\" data-id=\"1cbc2ae\" data-element_type=\"section\" data-settings=\"{&quot;jet_parallax_layout_list&quot;:[{&quot;jet_parallax_layout_image&quot;:{&quot;url&quot;:&quot;&quot;,&quot;id&quot;:&quot;&quot;,&quot;size&quot;:&quot;&quot;},&quot;_id&quot;:&quot;53530b2&quot;,&quot;jet_parallax_layout_image_tablet&quot;:{&quot;url&quot;:&quot;&quot;,&quot;id&quot;:&quot;&quot;,&quot;size&quot;:&quot;&quot;},&quot;jet_parallax_layout_image_mobile&quot;:{&quot;url&quot;:&quot;&quot;,&quot;id&quot;:&quot;&quot;,&quot;size&quot;:&quot;&quot;},&quot;jet_parallax_layout_speed&quot;:{&quot;unit&quot;:&quot;%&quot;,&quot;size&quot;:50,&quot;sizes&quot;:[]},&quot;jet_parallax_layout_type&quot;:&quot;scroll&quot;,&quot;jet_parallax_layout_direction&quot;:null,&quot;jet_parallax_layout_fx_direction&quot;:null,&quot;jet_parallax_layout_z_index&quot;:&quot;&quot;,&quot;jet_parallax_layout_bg_x&quot;:50,&quot;jet_parallax_layout_bg_x_tablet&quot;:&quot;&quot;,&quot;jet_parallax_layout_bg_x_mobile&quot;:&quot;&quot;,&quot;jet_parallax_layout_bg_y&quot;:50,&quot;jet_parallax_layout_bg_y_tablet&quot;:&quot;&quot;,&quot;jet_parallax_layout_bg_y_mobile&quot;:&quot;&quot;,&quot;jet_parallax_layout_bg_size&quot;:&quot;auto&quot;,&quot;jet_parallax_layout_bg_size_tablet&quot;:&quot;&quot;,&quot;jet_parallax_layout_bg_size_mobile&quot;:&quot;&quot;,&quot;jet_parallax_layout_animation_prop&quot;:&quot;transform&quot;,&quot;jet_parallax_layout_on&quot;:[&quot;desktop&quot;,&quot;tablet&quot;]}]}\">\n\t\t\t\t\t\t<div class=\"elementor-container elementor-column-gap-default\">\n\t\t\t\t\t<div class=\"elementor-column elementor-col-100 elementor-top-column elementor-element elementor-element-2757b4a\" data-id=\"2757b4a\" data-element_type=\"column\">\n\t\t\t<div class=\"elementor-widget-wrap elementor-element-populated\">\n\t\t\t\t\t\t\t\t<div class=\"elementor-element elementor-element-1860543 elementor-widget elementor-widget-image\" data-id=\"1860543\" data-element_type=\"widget\" data-widget_type=\"image.default\">\n\t\t\t\t<div class=\"elementor-widget-container\">\n\t\t\t<style>\/*! elementor - v3.16.0 - 09-10-2023 *\/\n.elementor-widget-image{text-align:center}.elementor-widget-image a{display:inline-block}.elementor-widget-image a img[src$=\".svg\"]{width:48px}.elementor-widget-image img{vertical-align:middle;display:inline-block}<\/style>\t\t\t\t\t\t\t\t\t\t\t\t<img loading=\"lazy\" decoding=\"async\" width=\"300\" height=\"194\" src=\"https:\/\/www.rkropisto.fi\/wp-content\/uploads\/2023\/01\/Reisjarven-kr-opisto-korttipuhelin-sininen-muokattu-300x194.png\" class=\"attachment-medium size-medium wp-image-11317\" alt=\"\" srcset=\"https:\/\/www.rkropisto.fi\/wp-content\/uploads\/2023\/01\/Reisjarven-kr-opisto-korttipuhelin-sininen-muokattu-300x194.png 300w, https:\/\/www.rkropisto.fi\/wp-content\/uploads\/2023\/01\/Reisjarven-kr-opisto-korttipuhelin-sininen-muokattu-1110x716.png 1110w, https:\/\/www.rkropisto.fi\/wp-content\/uploads\/2023\/01\/Reisjarven-kr-opisto-korttipuhelin-sininen-muokattu-768x495.png 768w, https:\/\/www.rkropisto.fi\/wp-content\/uploads\/2023\/01\/Reisjarven-kr-opisto-korttipuhelin-sininen-muokattu-1536x991.png 1536w, https:\/\/www.rkropisto.fi\/wp-content\/uploads\/2023\/01\/Reisjarven-kr-opisto-korttipuhelin-sininen-muokattu-18x12.png 18w, https:\/\/www.rkropisto.fi\/wp-content\/uploads\/2023\/01\/Reisjarven-kr-opisto-korttipuhelin-sininen-muokattu.png 2000w\" sizes=\"auto, (max-width: 300px) 100vw, 300px\" \/>\t\t\t\t\t\t\t\t\t\t\t\t\t\t\t<\/div>\n\t\t\t\t<\/div>\n\t\t\t\t\t<\/div>\n\t\t<\/div>\n\t\t\t\t\t\t\t<\/div>\n\t\t<\/section>\n\t\t\t\t\t\t\t<\/div>","protected":false},"excerpt":{"rendered":"<p>Reisj\u00e4rven kr. opiston opiskelijana saat maksuttoman digitaalisen Slice-opiskelijakortin. Kortti on hy\u00f6dyllinen, sill\u00e4 sen kautta olet oikeutettu VR:n ja Matkahuollon etuihin sek\u00e4 tuhansiin muihin Slice-opiskelijaetuihin halki Suomen. Kortti toimii siis virallisena todistuksena opiskeluistasi Reisj\u00e4rven kr. opistossa. Saat kortin k\u00e4ytt\u00f6\u00f6si ensimm\u00e4isen opiskeluviikon aikana.\u00a0 Kortti on voimassa koko opistovuoden ajan.\u00a0<\/p>","protected":false},"author":3,"featured_media":0,"parent":0,"menu_order":0,"comment_status":"closed","ping_status":"closed","template":"","meta":{"footnotes":""},"class_list":["post-11312","page","type-page","status-publish","hentry"],"_links":{"self":[{"href":"https:\/\/www.rkropisto.fi\/en\/wp-json\/wp\/v2\/pages\/11312","targetHints":{"allow":["GET"]}}],"collection":[{"href":"https:\/\/www.rkropisto.fi\/en\/wp-json\/wp\/v2\/pages"}],"about":[{"href":"https:\/\/www.rkropisto.fi\/en\/wp-json\/wp\/v2\/types\/page"}],"author":[{"embeddable":true,"href":"https:\/\/www.rkropisto.fi\/en\/wp-json\/wp\/v2\/users\/3"}],"replies":[{"embeddable":true,"href":"https:\/\/www.rkropisto.fi\/en\/wp-json\/wp\/v2\/comments?post=11312"}],"version-history":[{"count":13,"href":"https:\/\/www.rkropisto.fi\/en\/wp-json\/wp\/v2\/pages\/11312\/revisions"}],"predecessor-version":[{"id":11326,"href":"https:\/\/www.rkropisto.fi\/en\/wp-json\/wp\/v2\/pages\/11312\/revisions\/11326"}],"wp:attachment":[{"href":"https:\/\/www.rkropisto.fi\/en\/wp-json\/wp\/v2\/media?parent=11312"}],"curies":[{"name":"wp","href":"https:\/\/api.w.org\/{rel}","templated":true}]}}