{"id":11030,"date":"2022-05-24T15:05:57","date_gmt":"2022-05-24T12:05:57","guid":{"rendered":"https:\/\/www.rkropisto.fi\/?page_id=11030"},"modified":"2022-05-31T10:18:23","modified_gmt":"2022-05-31T07:18:23","slug":"maksut","status":"publish","type":"page","link":"https:\/\/www.rkropisto.fi\/en\/vuosi-opistossa\/maksut\/","title":{"rendered":"Maksut"},"content":{"rendered":"<div data-elementor-type=\"wp-page\" data-elementor-id=\"11030\" class=\"elementor elementor-11030\" data-elementor-post-type=\"page\">\n\t\t\t\t\t\t\t\t\t<section class=\"elementor-section elementor-top-section elementor-element elementor-element-eedc67e elementor-section-boxed elementor-section-height-default elementor-section-height-default\" data-id=\"eedc67e\" data-element_type=\"section\" data-settings=\"{&quot;jet_parallax_layout_list&quot;:[{&quot;jet_parallax_layout_image&quot;:{&quot;url&quot;:&quot;&quot;,&quot;id&quot;:&quot;&quot;,&quot;size&quot;:&quot;&quot;},&quot;_id&quot;:&quot;e1cb6c9&quot;,&quot;jet_parallax_layout_image_tablet&quot;:{&quot;url&quot;:&quot;&quot;,&quot;id&quot;:&quot;&quot;,&quot;size&quot;:&quot;&quot;},&quot;jet_parallax_layout_image_mobile&quot;:{&quot;url&quot;:&quot;&quot;,&quot;id&quot;:&quot;&quot;,&quot;size&quot;:&quot;&quot;},&quot;jet_parallax_layout_speed&quot;:{&quot;unit&quot;:&quot;%&quot;,&quot;size&quot;:50,&quot;sizes&quot;:[]},&quot;jet_parallax_layout_type&quot;:&quot;scroll&quot;,&quot;jet_parallax_layout_direction&quot;:null,&quot;jet_parallax_layout_fx_direction&quot;:null,&quot;jet_parallax_layout_z_index&quot;:&quot;&quot;,&quot;jet_parallax_layout_bg_x&quot;:50,&quot;jet_parallax_layout_bg_x_tablet&quot;:&quot;&quot;,&quot;jet_parallax_layout_bg_x_mobile&quot;:&quot;&quot;,&quot;jet_parallax_layout_bg_y&quot;:50,&quot;jet_parallax_layout_bg_y_tablet&quot;:&quot;&quot;,&quot;jet_parallax_layout_bg_y_mobile&quot;:&quot;&quot;,&quot;jet_parallax_layout_bg_size&quot;:&quot;auto&quot;,&quot;jet_parallax_layout_bg_size_tablet&quot;:&quot;&quot;,&quot;jet_parallax_layout_bg_size_mobile&quot;:&quot;&quot;,&quot;jet_parallax_layout_animation_prop&quot;:&quot;transform&quot;,&quot;jet_parallax_layout_on&quot;:[&quot;desktop&quot;,&quot;tablet&quot;]}]}\">\n\t\t\t\t\t\t<div class=\"elementor-container elementor-column-gap-default\">\n\t\t\t\t\t<div class=\"elementor-column elementor-col-100 elementor-top-column elementor-element elementor-element-b06a152\" data-id=\"b06a152\" data-element_type=\"column\">\n\t\t\t<div class=\"elementor-widget-wrap elementor-element-populated\">\n\t\t\t\t\t\t\t\t<div class=\"elementor-element elementor-element-8647635 elementor-widget elementor-widget-text-editor\" data-id=\"8647635\" data-element_type=\"widget\" data-widget_type=\"text-editor.default\">\n\t\t\t\t<div class=\"elementor-widget-container\">\n\t\t\t<style>\/*! elementor - v3.16.0 - 09-10-2023 *\/\n.elementor-widget-text-editor.elementor-drop-cap-view-stacked .elementor-drop-cap{background-color:#69727d;color:#fff}.elementor-widget-text-editor.elementor-drop-cap-view-framed .elementor-drop-cap{color:#69727d;border:3px solid;background-color:transparent}.elementor-widget-text-editor:not(.elementor-drop-cap-view-default) .elementor-drop-cap{margin-top:8px}.elementor-widget-text-editor:not(.elementor-drop-cap-view-default) .elementor-drop-cap-letter{width:1em;height:1em}.elementor-widget-text-editor .elementor-drop-cap{float:left;text-align:center;line-height:1;font-size:50px}.elementor-widget-text-editor .elementor-drop-cap-letter{display:inline-block}<\/style>\t\t\t\t<p><span style=\"font-weight: 400;\">Oppivelvollisille opistovuosi on maksuton. <\/span><\/p><p><strong><i>Ei-oppivelvollisille <\/i><\/strong><span style=\"font-weight: 400;\">linjojen lukuvuosimaksut\u00a0 ovat seuraavat:\u00a0\u00a0<\/span><\/p><ul><li style=\"font-weight: 400;\" aria-level=\"1\"><span style=\"font-weight: 400;\">Aikuislinja (AL) ja Luonto- ja er\u00e4taitojen linja (LEL) 3450 \u20ac<\/span><\/li><li style=\"font-weight: 400;\" aria-level=\"1\"><span style=\"font-weight: 400;\">Erityislinja (EL) 3600 \u20ac<\/span><\/li><li style=\"font-weight: 400;\" aria-level=\"1\"><span style=\"font-weight: 400;\">Monialaisten opintojen linja (MOL), K\u00e4yt\u00e4nn\u00f6n taitojen linja (KL), Sosiaali- ja terveysalan linja (STL), Teknisten taitojen linja (TL) ja Yritt\u00e4jyystaitojen linja (YL), monimediataitojen linja (MOME) 3300 \u20ac.<\/span><\/li><\/ul><p>\u00a0<\/p><p><span style=\"font-weight: 400;\">Lukuvuosimaksu <\/span><i><span style=\"font-weight: 400;\">ei-oppivelvollisille<\/span><\/i><span style=\"font-weight: 400;\"> laskutetaan opiskelup\u00e4ivien mukaan seuraavasti:<\/span><span style=\"font-weight: 400;\"><br \/><\/span><\/p><p><span style=\"font-weight: 400;\">syksy<\/span><\/p><ul><li style=\"font-weight: 400;\" aria-level=\"1\"><span style=\"font-weight: 400;\">AL ja LEL 5 x 311 \u20ac<\/span><\/li><li style=\"font-weight: 400;\" aria-level=\"1\"><span style=\"font-weight: 400;\">EL 5 x 325 \u20ac\u00a0<\/span><\/li><li style=\"font-weight: 400;\" aria-level=\"1\"><span style=\"font-weight: 400;\">muut linjat 5 x 298 \u20ac<\/span><\/li><\/ul><p><span style=\"font-weight: 400;\">kev\u00e4t\u00a0\u00a0\u00a0<\/span><\/p><ul><li style=\"font-weight: 400;\" aria-level=\"1\"><span style=\"font-weight: 400;\">AL ja LEL 5 x 379 \u20ac<\/span><\/li><li style=\"font-weight: 400;\" aria-level=\"1\"><span style=\"font-weight: 400;\">EL 5 x 395 \u20ac\u00a0<\/span><\/li><li style=\"font-weight: 400;\" aria-level=\"1\"><span style=\"font-weight: 400;\">muut linjat 5 x 362 \u20ac<\/span><span style=\"font-weight: 400;\">\u00a0<\/span><\/li><\/ul>\t\t\t\t\t\t<\/div>\n\t\t\t\t<\/div>\n\t\t\t\t\t<\/div>\n\t\t<\/div>\n\t\t\t\t\t\t\t<\/div>\n\t\t<\/section>\n\t\t\t\t\t\t\t<\/div>","protected":false},"excerpt":{"rendered":"<p>Oppivelvollisille opistovuosi on maksuton. Ei-oppivelvollisille linjojen lukuvuosimaksut&nbsp; ovat seuraavat:&nbsp;&nbsp; Aikuislinja (AL) ja Luonto- ja er\u00e4taitojen linja (LEL) 3450 \u20ac Erityislinja (EL) 3600 \u20ac Monialaisten opintojen linja (MOL), K\u00e4yt\u00e4nn\u00f6n taitojen linja (KL), Sosiaali- ja terveysalan linja (STL), Teknisten taitojen linja (TL) ja Yritt\u00e4jyystaitojen linja (YL), monimediataitojen linja (MOME) 3300 \u20ac. Lukuvuosimaksu ei-oppivelvollisille laskutetaan opiskelup\u00e4ivien mukaan seuraavasti: [&hellip;]<\/p>","protected":false},"author":3,"featured_media":0,"parent":78,"menu_order":0,"comment_status":"closed","ping_status":"closed","template":"","meta":{"footnotes":""},"class_list":["post-11030","page","type-page","status-publish","hentry"],"_links":{"self":[{"href":"https:\/\/www.rkropisto.fi\/en\/wp-json\/wp\/v2\/pages\/11030","targetHints":{"allow":["GET"]}}],"collection":[{"href":"https:\/\/www.rkropisto.fi\/en\/wp-json\/wp\/v2\/pages"}],"about":[{"href":"https:\/\/www.rkropisto.fi\/en\/wp-json\/wp\/v2\/types\/page"}],"author":[{"embeddable":true,"href":"https:\/\/www.rkropisto.fi\/en\/wp-json\/wp\/v2\/users\/3"}],"replies":[{"embeddable":true,"href":"https:\/\/www.rkropisto.fi\/en\/wp-json\/wp\/v2\/comments?post=11030"}],"version-history":[{"count":7,"href":"https:\/\/www.rkropisto.fi\/en\/wp-json\/wp\/v2\/pages\/11030\/revisions"}],"predecessor-version":[{"id":11048,"href":"https:\/\/www.rkropisto.fi\/en\/wp-json\/wp\/v2\/pages\/11030\/revisions\/11048"}],"up":[{"embeddable":true,"href":"https:\/\/www.rkropisto.fi\/en\/wp-json\/wp\/v2\/pages\/78"}],"wp:attachment":[{"href":"https:\/\/www.rkropisto.fi\/en\/wp-json\/wp\/v2\/media?parent=11030"}],"curies":[{"name":"wp","href":"https:\/\/api.w.org\/{rel}","templated":true}]}}