{"id":10710,"date":"2022-01-05T23:07:45","date_gmt":"2022-01-05T21:07:45","guid":{"rendered":"http:\/\/rkropisto.fi.upcloud.rkropisto.fi\/?page_id=10710"},"modified":"2025-01-21T13:51:14","modified_gmt":"2025-01-21T11:51:14","slug":"top","status":"publish","type":"page","link":"https:\/\/www.rkropisto.fi\/en\/top\/","title":{"rendered":"Top-sopimus"},"content":{"rendered":"<div data-elementor-type=\"wp-page\" data-elementor-id=\"10710\" class=\"elementor elementor-10710\" data-elementor-post-type=\"page\">\n\t\t\t\t\t\t\t\t\t<section class=\"elementor-section elementor-top-section elementor-element elementor-element-3254eef elementor-section-boxed elementor-section-height-default elementor-section-height-default\" data-id=\"3254eef\" data-element_type=\"section\" data-settings=\"{&quot;jet_parallax_layout_list&quot;:[{&quot;jet_parallax_layout_image&quot;:{&quot;url&quot;:&quot;&quot;,&quot;id&quot;:&quot;&quot;,&quot;size&quot;:&quot;&quot;},&quot;_id&quot;:&quot;1a7f7d5&quot;,&quot;jet_parallax_layout_image_tablet&quot;:{&quot;url&quot;:&quot;&quot;,&quot;id&quot;:&quot;&quot;,&quot;size&quot;:&quot;&quot;},&quot;jet_parallax_layout_image_mobile&quot;:{&quot;url&quot;:&quot;&quot;,&quot;id&quot;:&quot;&quot;,&quot;size&quot;:&quot;&quot;},&quot;jet_parallax_layout_speed&quot;:{&quot;unit&quot;:&quot;%&quot;,&quot;size&quot;:50,&quot;sizes&quot;:[]},&quot;jet_parallax_layout_type&quot;:&quot;scroll&quot;,&quot;jet_parallax_layout_direction&quot;:null,&quot;jet_parallax_layout_fx_direction&quot;:null,&quot;jet_parallax_layout_z_index&quot;:&quot;&quot;,&quot;jet_parallax_layout_bg_x&quot;:50,&quot;jet_parallax_layout_bg_x_tablet&quot;:&quot;&quot;,&quot;jet_parallax_layout_bg_x_mobile&quot;:&quot;&quot;,&quot;jet_parallax_layout_bg_y&quot;:50,&quot;jet_parallax_layout_bg_y_tablet&quot;:&quot;&quot;,&quot;jet_parallax_layout_bg_y_mobile&quot;:&quot;&quot;,&quot;jet_parallax_layout_bg_size&quot;:&quot;auto&quot;,&quot;jet_parallax_layout_bg_size_tablet&quot;:&quot;&quot;,&quot;jet_parallax_layout_bg_size_mobile&quot;:&quot;&quot;,&quot;jet_parallax_layout_animation_prop&quot;:&quot;transform&quot;,&quot;jet_parallax_layout_on&quot;:[&quot;desktop&quot;,&quot;tablet&quot;]}]}\">\n\t\t\t\t\t\t<div class=\"elementor-container elementor-column-gap-default\">\n\t\t\t\t\t<div class=\"elementor-column elementor-col-100 elementor-top-column elementor-element elementor-element-6395e2a\" data-id=\"6395e2a\" data-element_type=\"column\">\n\t\t\t<div class=\"elementor-widget-wrap elementor-element-populated\">\n\t\t\t\t\t\t\t\t<div class=\"elementor-element elementor-element-c2563d7 elementor-widget elementor-widget-text-editor\" data-id=\"c2563d7\" data-element_type=\"widget\" data-widget_type=\"text-editor.default\">\n\t\t\t\t<div class=\"elementor-widget-container\">\n\t\t\t<style>\/*! elementor - v3.16.0 - 09-10-2023 *\/\n.elementor-widget-text-editor.elementor-drop-cap-view-stacked .elementor-drop-cap{background-color:#69727d;color:#fff}.elementor-widget-text-editor.elementor-drop-cap-view-framed .elementor-drop-cap{color:#69727d;border:3px solid;background-color:transparent}.elementor-widget-text-editor:not(.elementor-drop-cap-view-default) .elementor-drop-cap{margin-top:8px}.elementor-widget-text-editor:not(.elementor-drop-cap-view-default) .elementor-drop-cap-letter{width:1em;height:1em}.elementor-widget-text-editor .elementor-drop-cap{float:left;text-align:center;line-height:1;font-size:50px}.elementor-widget-text-editor .elementor-drop-cap-letter{display:inline-block}<\/style>\t\t\t\t<p>Tutustu n\u00e4ihin asiakirjoihin ennen sopimuksen allekirjoittamista:<\/p><ul><li><div><a href=\"https:\/\/docs.google.com\/document\/d\/1TR8jgvfceBILbFucXhtOMr6EasGDGtEPutgS3WRFf40\/edit\" target=\"_blank\" rel=\"noopener\">TOP-saatekirje ty\u00f6nantajalle<\/a><\/div><\/li><li><div><a href=\"https:\/\/docs.google.com\/document\/d\/1JhVJ5_GeunsRIXfWWf-xzTCCX2GZjGrWvwiicqYKA9s\/edit\" target=\"_blank\" rel=\"noopener\">TOP-ohjeet opiskelijalle<\/a><\/div><\/li><\/ul><p>TOP-jakson j\u00e4lkeen voit pyyt\u00e4\u00e4 todistuksen ty\u00f6nantajalta. Siihen voit k\u00e4ytt\u00e4\u00e4 t\u00e4st\u00e4 linkist\u00e4 l\u00f6ytyv\u00e4\u00e4 pohjaa: <a href=\"https:\/\/docs.google.com\/document\/d\/1VNACQTy7vrgZbO4ep6gIM7-Yy6lrtGsZ1Dgh4WipdqM\/edit\">todistus ty\u00f6ss\u00e4oppimisjaksosta<\/a><\/p><p>T\u00e4yt\u00e4 ao. lomake yhdess\u00e4 ty\u00f6nantajan kanssa. Tarvittaessa voit tallentaa lomakkeen keskener\u00e4isen\u00e4 ja jatkaa my\u00f6hemmin (esimerkiksi jos et saa kaikkia allekirjoituksia yhdell\u00e4 kertaa).<\/p><p>(Jos s\u00e4hk\u00f6isen sopimuksen k\u00e4ytt\u00e4minen ei onnistu, paperiversion voi ladata\u00a0<a href=\"https:\/\/docs.google.com\/document\/d\/1rmmmBpEQbrDBA7xBh25iSi-ICJm0YXbSG2470aXb6rM\/edit?tab=t.0\" target=\"_blank\" rel=\"noopener\">t\u00e4\u00e4lt\u00e4<\/a>\u00a0ja postittaa opistolle.)<\/p>\t\t\t\t\t\t<\/div>\n\t\t\t\t<\/div>\n\t\t\t\t<div class=\"elementor-element elementor-element-7e099a9 elementor-widget elementor-widget-shortcode\" data-id=\"7e099a9\" data-element_type=\"widget\" data-widget_type=\"shortcode.default\">\n\t\t\t\t<div class=\"elementor-widget-container\">\n\t\t\t\t\t<div class=\"elementor-shortcode\"><script type=\"text\/javascript\">var gform;gform||(document.addEventListener(\"gform_main_scripts_loaded\",function(){gform.scriptsLoaded=!0}),window.addEventListener(\"DOMContentLoaded\",function(){gform.domLoaded=!0}),gform={domLoaded:!1,scriptsLoaded:!1,initializeOnLoaded:function(o){gform.domLoaded&&gform.scriptsLoaded?o():!gform.domLoaded&&gform.scriptsLoaded?window.addEventListener(\"DOMContentLoaded\",o):document.addEventListener(\"gform_main_scripts_loaded\",o)},hooks:{action:{},filter:{}},addAction:function(o,n,r,t){gform.addHook(\"action\",o,n,r,t)},addFilter:function(o,n,r,t){gform.addHook(\"filter\",o,n,r,t)},doAction:function(o){gform.doHook(\"action\",o,arguments)},applyFilters:function(o){return gform.doHook(\"filter\",o,arguments)},removeAction:function(o,n){gform.removeHook(\"action\",o,n)},removeFilter:function(o,n,r){gform.removeHook(\"filter\",o,n,r)},addHook:function(o,n,r,t,i){null==gform.hooks[o][n]&&(gform.hooks[o][n]=[]);var e=gform.hooks[o][n];null==i&&(i=n+\"_\"+e.length),gform.hooks[o][n].push({tag:i,callable:r,priority:t=null==t?10:t})},doHook:function(n,o,r){var t;if(r=Array.prototype.slice.call(r,1),null!=gform.hooks[n][o]&&((o=gform.hooks[n][o]).sort(function(o,n){return o.priority-n.priority}),o.forEach(function(o){\"function\"!=typeof(t=o.callable)&&(t=window[t]),\"action\"==n?t.apply(null,r):r[0]=t.apply(null,r)})),\"filter\"==n)return r[0]},removeHook:function(o,n,t,i){var r;null!=gform.hooks[o][n]&&(r=(r=gform.hooks[o][n]).filter(function(o,n,r){return!!(null!=i&&i!=o.tag||null!=t&&t!=o.priority)}),gform.hooks[o][n]=r)}});<\/script>\n                <div class='gf_browser_gecko gform_wrapper gform_legacy_markup_wrapper' id='gform_wrapper_1' ><form method='post' enctype='multipart\/form-data'  id='gform_1'  action='\/en\/wp-json\/wp\/v2\/pages\/10710' novalidate data-trp-original-action=\"\/en\/wp-json\/wp\/v2\/pages\/10710\">\n                        <div class='gform_body gform-body'><ul id='gform_fields_1' class='gform_fields top_label form_sublabel_below description_above'><li id=\"field_1_3\" class=\"gfield gsection field_sublabel_below field_description_above gfield_visibility_visible\" ><h2 class=\"gsection_title\">Opiskelijan tiedot (opiskelija t\u00e4ytt\u00e4\u00e4)<\/h2><\/li><li id=\"field_1_1\" class=\"gfield gf_left_half gfield_contains_required field_sublabel_below field_description_above gfield_visibility_visible\" ><label class='gfield_label' for='input_1_1' >Opiskelijan nimi<span class=\"gfield_required\"><span class=\"gfield_required gfield_required_asterisk\">*<\/span><\/span><\/label><div class='ginput_container ginput_container_text'><input name='input_1' id='input_1_1' type='text' value='' class='medium'     aria-required=\"true\" aria-invalid=\"false\"   \/> <\/div><\/li><li id=\"field_1_27\" class=\"gfield gf_right_half gfield_contains_required field_sublabel_below field_description_above gfield_visibility_visible\" ><label class='gfield_label' for='input_1_27' >Linja<span class=\"gfield_required\"><span class=\"gfield_required gfield_required_asterisk\">*<\/span><\/span><\/label><div class='ginput_container ginput_container_select'><select name='input_27' id='input_1_27' class='small gfield_select'    aria-required=\"true\" aria-invalid=\"false\" ><option value='AL' >AL<\/option><option value='EL' >EL<\/option><option value='KL' >KL<\/option><option value='MOL' >MOL<\/option><option value='MOME' >MOME<\/option><option value='LEL' >LEL<\/option><option value='STL' >STL<\/option><option value='TL' >TL<\/option><option value='YL' >YL<\/option><\/select><\/div><\/li><li id=\"field_1_5\" class=\"gfield gf_left_half gfield_contains_required field_sublabel_below field_description_above gfield_visibility_visible\" ><label class='gfield_label' for='input_1_5' >Matkapuhelinnumero<span class=\"gfield_required\"><span class=\"gfield_required gfield_required_asterisk\">*<\/span><\/span><\/label><div class='ginput_container ginput_container_phone'><input name='input_5' id='input_1_5' type='tel' value='' class='medium'   aria-required=\"true\" aria-invalid=\"false\"   \/><\/div><\/li><li id=\"field_1_26\" class=\"gfield gf_right_half gfield_contains_required field_sublabel_below field_description_above gfield_visibility_visible\" ><label class='gfield_label' for='input_1_26' >S\u00e4hk\u00f6postiosoite<span class=\"gfield_required\"><span class=\"gfield_required gfield_required_asterisk\">*<\/span><\/span><\/label><div class='ginput_container ginput_container_email'>\n                            <input name='input_26' id='input_1_26' type='email' value='' class='medium'    aria-required=\"true\" aria-invalid=\"false\"  \/>\n                        <\/div><\/li><li id=\"field_1_6\" class=\"gfield gfield_contains_required field_sublabel_below field_description_above gfield_visibility_visible\" ><label class='gfield_label' for='input_1_6' >Ty\u00f6ss\u00e4oppimisjakson ajankohta<span class=\"gfield_required\"><span class=\"gfield_required gfield_required_asterisk\">*<\/span><\/span><\/label><div class='ginput_container ginput_container_text'><input name='input_6' id='input_1_6' type='text' value='' class='medium'     aria-required=\"true\" aria-invalid=\"false\"   \/> <\/div><\/li><li id=\"field_1_30\" class=\"gfield gfield_contains_required field_sublabel_below field_description_above gfield_visibility_visible\" ><label class='gfield_label' for='input_1_30' >Opiskelijan omat tavoitteet ty\u00f6ss\u00e4oppimisjaksolle<span class=\"gfield_required\"><span class=\"gfield_required gfield_required_asterisk\">*<\/span><\/span><\/label><div class='gfield_description' id='gfield_description_1_30'>Mainitse v\u00e4hint\u00e4\u00e4n kolme<\/div><div class='ginput_container ginput_container_textarea'><textarea name='input_30' id='input_1_30' class='textarea medium'  aria-describedby=\"gfield_description_1_30\"   aria-required=\"true\" aria-invalid=\"false\"   rows='10' cols='50'><\/textarea><\/div><\/li><li id=\"field_1_29\" class=\"gfield gform_hidden field_sublabel_below field_description_above gfield_visibility_visible\" ><div class='ginput_container ginput_container_text'><input name='input_29' id='input_1_29' type='hidden' class='gform_hidden'  aria-invalid=\"false\" value='Lasse Markkanen (opo) lasse.markkanen@rkropisto.fi' \/><\/div><\/li><li id=\"field_1_28\" class=\"gfield gsection field_sublabel_below field_description_above gfield_visibility_visible\" ><h2 class=\"gsection_title\"><\/h2><\/li><li id=\"field_1_8\" class=\"gfield gsection field_sublabel_below field_description_above gfield_visibility_visible\" ><h2 class=\"gsection_title\">Ty\u00f6paikan tiedot (Ty\u00f6nantaja t\u00e4ytt\u00e4\u00e4)<\/h2><\/li><li id=\"field_1_13\" class=\"gfield gfield_contains_required field_sublabel_below field_description_above gfield_visibility_visible\" ><label class='gfield_label' for='input_1_13' >Ty\u00f6paikan nimi<span class=\"gfield_required\"><span class=\"gfield_required gfield_required_asterisk\">*<\/span><\/span><\/label><div class='ginput_container ginput_container_text'><input name='input_13' id='input_1_13' type='text' value='' class='medium'     aria-required=\"true\" aria-invalid=\"false\"   \/> <\/div><\/li><li id=\"field_1_14\" class=\"gfield gfield_contains_required field_sublabel_below field_description_above gfield_visibility_visible\" ><label class='gfield_label' for='input_1_14' >Osoite<span class=\"gfield_required\"><span class=\"gfield_required gfield_required_asterisk\">*<\/span><\/span><\/label><div class='ginput_container ginput_container_text'><input name='input_14' id='input_1_14' type='text' value='' class='medium'     aria-required=\"true\" aria-invalid=\"false\"   \/> <\/div><\/li><li id=\"field_1_15\" class=\"gfield gfield_contains_required field_sublabel_below field_description_above gfield_visibility_visible\" ><label class='gfield_label' for='input_1_15' >Vastuuhenkil\u00f6<span class=\"gfield_required\"><span class=\"gfield_required gfield_required_asterisk\">*<\/span><\/span><\/label><div class='ginput_container ginput_container_text'><input name='input_15' id='input_1_15' type='text' value='' class='medium'     aria-required=\"true\" aria-invalid=\"false\"   \/> <\/div><\/li><li id=\"field_1_16\" class=\"gfield gfield_contains_required field_sublabel_below field_description_above gfield_visibility_visible\" ><label class='gfield_label' for='input_1_16' >Vastuuhenkil\u00f6n puhelin<span class=\"gfield_required\"><span class=\"gfield_required gfield_required_asterisk\">*<\/span><\/span><\/label><div class='ginput_container ginput_container_text'><input name='input_16' id='input_1_16' type='text' value='' class='medium'     aria-required=\"true\" aria-invalid=\"false\"   \/> <\/div><\/li><li id=\"field_1_19\" class=\"gfield field_sublabel_below field_description_above gfield_visibility_visible\" ><label class='gfield_label' for='input_1_19' >Vastuuhenkil\u00f6n s\u00e4hk\u00f6postiosoite<\/label><div class='ginput_container ginput_container_email'>\n                            <input name='input_19' id='input_1_19' type='email' value='' class='medium'     aria-invalid=\"false\"  \/>\n                        <\/div><\/li><li id=\"field_1_20\" class=\"gfield gfield_contains_required field_sublabel_below field_description_above gfield_visibility_visible\" ><label class='gfield_label' for='input_1_20' >Opiskelijan ty\u00f6teht\u00e4v\u00e4t<span class=\"gfield_required\"><span class=\"gfield_required gfield_required_asterisk\">*<\/span><\/span><\/label><div class='ginput_container ginput_container_textarea'><textarea name='input_20' id='input_1_20' class='textarea medium'     aria-required=\"true\" aria-invalid=\"false\"   rows='10' cols='50'><\/textarea><\/div><\/li><li id=\"field_1_21\" class=\"gfield gfield_contains_required field_sublabel_below field_description_above gfield_visibility_visible\" ><label class='gfield_label' for='input_1_21' >P\u00e4ivitt\u00e4inen ty\u00f6aika (6 h) klo<span class=\"gfield_required\"><span class=\"gfield_required gfield_required_asterisk\">*<\/span><\/span><\/label><div class='ginput_container ginput_container_text'><input name='input_21' id='input_1_21' type='text' value='' class='medium'     aria-required=\"true\" aria-invalid=\"false\"   \/> <\/div><\/li><li id=\"field_1_24\" class=\"gfield gfield_contains_required field_sublabel_below field_description_above gfield_visibility_visible\" ><label class='gfield_label'  >Ruokailu<span class=\"gfield_required\"><span class=\"gfield_required gfield_required_asterisk\">*<\/span><\/span><\/label><div class='ginput_container ginput_container_radio'><ul class='gfield_radio' id='input_1_24'>\n\t\t\t<li class='gchoice gchoice_1_24_0'>\n\t\t\t\t<input name='input_24' type='radio' value='Ty\u00f6nantaja kustantaa yhden (1) p\u00e4ivitt\u00e4isen aterian'  id='choice_1_24_0'    \/>\n\t\t\t\t<label for='choice_1_24_0' id='label_1_24_0'>Ty\u00f6nantaja kustantaa yhden (1) p\u00e4ivitt\u00e4isen aterian<\/label>\n\t\t\t<\/li>\n\t\t\t<li class='gchoice gchoice_1_24_1'>\n\t\t\t\t<input name='input_24' type='radio' value='Opiskelija ruokailee kotona'  id='choice_1_24_1'    \/>\n\t\t\t\t<label for='choice_1_24_1' id='label_1_24_1'>Opiskelija ruokailee kotona<\/label>\n\t\t\t<\/li>\n\t\t\t<li class='gchoice gchoice_1_24_2'>\n\t\t\t\t<input name='input_24' type='radio' value='Opiskelija ruokailee henkil\u00f6st\u00f6ravintolassa ja oppilaitosta laskutetaan enint\u00e4\u00e4n 5 \u20ac\/p\u00e4iv\u00e4'  id='choice_1_24_2'    \/>\n\t\t\t\t<label for='choice_1_24_2' id='label_1_24_2'>Opiskelija ruokailee henkil\u00f6st\u00f6ravintolassa ja oppilaitosta laskutetaan enint\u00e4\u00e4n 5 \u20ac\/p\u00e4iv\u00e4<\/label>\n\t\t\t<\/li>\n\t\t\t<li class='gchoice gchoice_1_24_3'>\n\t\t\t\t<input name='input_24' type='radio' value='gf_other_choice'  id='choice_1_24_3'   onfocus=\"jQuery(this).next('input').focus();\" \/>\n\t\t\t\t<input class='small' id='input_1_24_other' name='input_24_other' type='text' value='Other' aria-label='Other' onfocus='jQuery(this).prev(\"input\")[0].click(); if(jQuery(this).val() == \"Other\") { jQuery(this).val(\"\"); }' onblur='if(jQuery(this).val().replace(\" \", \"\") == \"\") { jQuery(this).val(\"Other\"); }'   \/>\n\t\t\t<\/li><\/ul><\/div><\/li><li id=\"field_1_25\" class=\"gfield field_sublabel_below field_description_above gfield_visibility_visible\" ><label class='gfield_label' for='input_1_25' >Muuta huomioitavaa<\/label><div class='gfield_description' id='gfield_description_1_25'>(esim. salmonellatodistus, pukeutuminen)<\/div><div class='ginput_container ginput_container_text'><input name='input_25' id='input_1_25' type='text' value='' class='large'  aria-describedby=\"gfield_description_1_25\"    aria-invalid=\"false\"   \/> <\/div><\/li><li id=\"field_1_10\" class=\"gfield gsection field_sublabel_below field_description_above gfield_visibility_visible\" ><h2 class=\"gsection_title\">Allekirjoitukset<\/h2><\/li><li id=\"field_1_9\" class=\"gfield gfield_contains_required field_sublabel_below field_description_above gfield_visibility_visible\" ><label class='gfield_label' for='input_1_9' >Ty\u00f6nantajan allekirjoitus<span class=\"gfield_required\"><span class=\"gfield_required gfield_required_asterisk\">*<\/span><\/span><\/label><div ><div id='input_1_9_Container' class='gfield_signature_container ginput_container' style='height:180px; width:500px; ' ><input type='hidden' class='gform_hidden' name='input_1_9_valid' id='input_1_9_valid' \/><canvas id='input_1_9' width='500' height='180'><\/canvas><\/div><\/div><\/li><li id=\"field_1_11\" class=\"gfield gfield_contains_required field_sublabel_below field_description_above gfield_visibility_visible\" ><label class='gfield_label' for='input_1_11' >Opiskelijan allekirjoitus<span class=\"gfield_required\"><span class=\"gfield_required gfield_required_asterisk\">*<\/span><\/span><\/label><div class='gfield_description' id='gfield_description_1_11'>Olen lukenut TOP-ohjeistuksen ja hyv\u00e4ksyn jaksoa koskevat ehdot.<\/div><div ><div id='input_1_11_Container' class='gfield_signature_container ginput_container' style='height:180px; width:500px; ' ><input type='hidden' class='gform_hidden' name='input_1_11_valid' id='input_1_11_valid' \/><canvas id='input_1_11' width='500' height='180'><\/canvas><\/div><\/div><\/li><li id=\"field_1_12\" class=\"gfield gfield_contains_required field_sublabel_below field_description_above gfield_visibility_visible\" ><label class='gfield_label' for='input_1_12' >Huoltajan allekirjoitus<span class=\"gfield_required\"><span class=\"gfield_required gfield_required_asterisk\">*<\/span><\/span><\/label><div ><div id='input_1_12_Container' class='gfield_signature_container ginput_container' style='height:180px; width:500px; ' ><input type='hidden' class='gform_hidden' name='input_1_12_valid' id='input_1_12_valid' \/><canvas id='input_1_12' width='500' height='180'><\/canvas><\/div><\/div><\/li><\/ul><\/div>\n        <div class='gform_footer top_label'> <input type='submit' id='gform_submit_button_1' class='gform_button button' value='L\u00e4het\u00e4 valmis sopimus'  onclick='if(window[\"gf_submitting_1\"]){return false;}  if( !jQuery(\"#gform_1\")[0].checkValidity || jQuery(\"#gform_1\")[0].checkValidity()){window[\"gf_submitting_1\"]=true;}  ' onkeypress='if( event.keyCode == 13 ){ if(window[\"gf_submitting_1\"]){return false;} if( !jQuery(\"#gform_1\")[0].checkValidity || jQuery(\"#gform_1\")[0].checkValidity()){window[\"gf_submitting_1\"]=true;}  jQuery(\"#gform_1\").trigger(\"submit\",[true]); }' \/> <a type='button' href=\"javascript:void(0);\" id='gform_save_1_footer_link' class='gform_save_link'  onclick='if(window[\"gf_submitting_1\"]){return false;}  if( !jQuery(\"#gform_1\")[0].checkValidity || jQuery(\"#gform_1\")[0].checkValidity()){window[\"gf_submitting_1\"]=true;} jQuery(\"#gform_save_1\").val(1); jQuery(\"#gform_1\").trigger(\"submit\",[true]);' onkeypress='if( event.keyCode == 13 ){ if(window[\"gf_submitting_1\"]){return false;} if( !jQuery(\"#gform_1\")[0].checkValidity || jQuery(\"#gform_1\")[0].checkValidity()){window[\"gf_submitting_1\"]=true;} jQuery(\"#gform_save_1\").val(1); jQuery(\"#gform_1\").trigger(\"submit\",[true]); }'> L\u00e4het\u00e4 allekirjoitettavaksi seuraavalle<\/a>\n            <input type='hidden' class='gform_hidden' name='is_submit_1' value='1' \/>\n            <input type='hidden' class='gform_hidden' name='gform_submit' value='1' \/>\n            <input type='hidden' class='gform_hidden' name='gform_save' id='gform_save_1' value='' \/>\n                             <input type='hidden' class='gform_hidden' name='gform_resume_token' id='gform_resume_token_1' value='' \/>\n            <input type='hidden' class='gform_hidden' name='gform_unique_id' value='' \/>\n            <input type='hidden' class='gform_hidden' name='state_1' value='WyJbXSIsImFjZmRlYWM5MDMwOTU2YThhZDY5MDNiYjEzOTc0ZWI3Il0=' \/>\n            <input type='hidden' class='gform_hidden' name='gform_target_page_number_1' id='gform_target_page_number_1' value='0' \/>\n            <input type='hidden' class='gform_hidden' name='gform_source_page_number_1' id='gform_source_page_number_1' value='1' \/>\n            <input type='hidden' name='gform_field_values' value='' \/>\n            \n        <\/div>\n                        <input type=\"hidden\" name=\"trp-form-language\" value=\"en\"\/><\/form>\n                        <\/div><\/div>\n\t\t\t\t<\/div>\n\t\t\t\t<\/div>\n\t\t\t\t\t<\/div>\n\t\t<\/div>\n\t\t\t\t\t\t\t<\/div>\n\t\t<\/section>\n\t\t\t\t\t\t\t<\/div>","protected":false},"excerpt":{"rendered":"<p>Tutustu n\u00e4ihin asiakirjoihin ennen sopimuksen allekirjoittamista: TOP-saatekirje ty\u00f6nantajalle TOP-ohjeet opiskelijalle TOP-jakson j\u00e4lkeen voit pyyt\u00e4\u00e4 todistuksen ty\u00f6nantajalta. Siihen voit k\u00e4ytt\u00e4\u00e4 t\u00e4st\u00e4 linkist\u00e4 l\u00f6ytyv\u00e4\u00e4 pohjaa: todistus ty\u00f6ss\u00e4oppimisjaksosta T\u00e4yt\u00e4 ao. lomake yhdess\u00e4 ty\u00f6nantajan kanssa. Tarvittaessa voit tallentaa lomakkeen keskener\u00e4isen\u00e4 ja jatkaa my\u00f6hemmin (esimerkiksi jos et saa kaikkia allekirjoituksia yhdell\u00e4 kertaa). (Jos s\u00e4hk\u00f6isen sopimuksen k\u00e4ytt\u00e4minen ei onnistu, paperiversion voi [&hellip;]<\/p>","protected":false},"author":1,"featured_media":0,"parent":0,"menu_order":0,"comment_status":"closed","ping_status":"closed","template":"","meta":{"footnotes":""},"class_list":["post-10710","page","type-page","status-publish","hentry"],"_links":{"self":[{"href":"https:\/\/www.rkropisto.fi\/en\/wp-json\/wp\/v2\/pages\/10710","targetHints":{"allow":["GET"]}}],"collection":[{"href":"https:\/\/www.rkropisto.fi\/en\/wp-json\/wp\/v2\/pages"}],"about":[{"href":"https:\/\/www.rkropisto.fi\/en\/wp-json\/wp\/v2\/types\/page"}],"author":[{"embeddable":true,"href":"https:\/\/www.rkropisto.fi\/en\/wp-json\/wp\/v2\/users\/1"}],"replies":[{"embeddable":true,"href":"https:\/\/www.rkropisto.fi\/en\/wp-json\/wp\/v2\/comments?post=10710"}],"version-history":[{"count":20,"href":"https:\/\/www.rkropisto.fi\/en\/wp-json\/wp\/v2\/pages\/10710\/revisions"}],"predecessor-version":[{"id":12814,"href":"https:\/\/www.rkropisto.fi\/en\/wp-json\/wp\/v2\/pages\/10710\/revisions\/12814"}],"wp:attachment":[{"href":"https:\/\/www.rkropisto.fi\/en\/wp-json\/wp\/v2\/media?parent=10710"}],"curies":[{"name":"wp","href":"https:\/\/api.w.org\/{rel}","templated":true}]}}